{"id":48577,"date":"2025-02-04T09:37:55","date_gmt":"2025-02-04T09:37:55","guid":{"rendered":"https:\/\/topsecretsicily.com\/digitale-nomaden-7-aktivitaeten-die-sie-aus-der-ferne-erledigen-koennen\/"},"modified":"2025-02-07T14:58:18","modified_gmt":"2025-02-07T14:58:18","slug":"digitale-nomaden-7-aktivitaeten-die-sie-aus-der-ferne-erledigen-koennen","status":"publish","type":"page","link":"https:\/\/topsecretsicily.com\/de\/digitale-nomaden-7-aktivitaeten-die-sie-aus-der-ferne-erledigen-koennen\/","title":{"rendered":"Digitale Nomaden: 7 Aktivit\u00e4ten, die Sie aus der Ferne erledigen k\u00f6nnen"},"content":{"rendered":"\n<p>Die digitale Revolution hat das Konzept der Arbeit tiefgreifend ver\u00e4ndert. Heute k\u00f6nnen diejenigen, die reisen m\u00f6chten, ohne ihre Karriere aufzugeben, dies dank der zahlreichen M\u00f6glichkeiten, die die Fernarbeit bietet, tun. Hier sind 7 ideale Aktivit\u00e4ten f\u00fcr diejenigen, die sich entscheiden, digitale Nomaden zu werden.  <\/p>\n\n<div id=\"ez-toc-container\" class=\"ez-toc-v2_0_83 counter-hierarchy ez-toc-counter ez-toc-grey ez-toc-container-direction\">\n<div class=\"ez-toc-title-container\">\n<p class=\"ez-toc-title\" style=\"cursor:inherit\">Inhalts\u00fcbersicht<\/p>\n<span class=\"ez-toc-title-toggle\"><a href=\"#\" class=\"ez-toc-pull-right ez-toc-btn ez-toc-btn-xs ez-toc-btn-default ez-toc-toggle\" aria-label=\"Toggle Table of Content\"><span class=\"ez-toc-js-icon-con\"><span class=\"\"><span class=\"eztoc-hide\" style=\"display:none;\">Toggle<\/span><span class=\"ez-toc-icon-toggle-span\"><svg style=\"fill: #999;color:#999\" xmlns=\"http:\/\/www.w3.org\/2000\/svg\" class=\"list-377408\" width=\"20px\" height=\"20px\" viewBox=\"0 0 24 24\" fill=\"none\"><path d=\"M6 6H4v2h2V6zm14 0H8v2h12V6zM4 11h2v2H4v-2zm16 0H8v2h12v-2zM4 16h2v2H4v-2zm16 0H8v2h12v-2z\" fill=\"currentColor\"><\/path><\/svg><svg style=\"fill: #999;color:#999\" class=\"arrow-unsorted-368013\" xmlns=\"http:\/\/www.w3.org\/2000\/svg\" width=\"10px\" height=\"10px\" viewBox=\"0 0 24 24\" version=\"1.2\" baseProfile=\"tiny\"><path d=\"M18.2 9.3l-6.2-6.3-6.2 6.3c-.2.2-.3.4-.3.7s.1.5.3.7c.2.2.4.3.7.3h11c.3 0 .5-.1.7-.3.2-.2.3-.5.3-.7s-.1-.5-.3-.7zM5.8 14.7l6.2 6.3 6.2-6.3c.2-.2.3-.5.3-.7s-.1-.5-.3-.7c-.2-.2-.4-.3-.7-.3h-11c-.3 0-.5.1-.7.3-.2.2-.3.5-.3.7s.1.5.3.7z\"\/><\/svg><\/span><\/span><\/span><\/a><\/span><\/div>\n<nav><ul class='ez-toc-list ez-toc-list-level-1 ' ><li class='ez-toc-page-1 ez-toc-heading-level-2'><a class=\"ez-toc-link ez-toc-heading-1\" href=\"https:\/\/topsecretsicily.com\/de\/digitale-nomaden-7-aktivitaeten-die-sie-aus-der-ferne-erledigen-koennen\/#1_Berater_fuer_digitales_Marketing\" >1. Berater f\u00fcr digitales Marketing<\/a><\/li><li class='ez-toc-page-1 ez-toc-heading-level-2'><a class=\"ez-toc-link ez-toc-heading-2\" href=\"https:\/\/topsecretsicily.com\/de\/digitale-nomaden-7-aktivitaeten-die-sie-aus-der-ferne-erledigen-koennen\/#2_Web-_oder_App-Entwickler\" >2. Web- oder App-Entwickler<\/a><\/li><li class='ez-toc-page-1 ez-toc-heading-level-2'><a class=\"ez-toc-link ez-toc-heading-3\" href=\"https:\/\/topsecretsicily.com\/de\/digitale-nomaden-7-aktivitaeten-die-sie-aus-der-ferne-erledigen-koennen\/#3_Freiberuflicher_Uebersetzer_oder_Redakteur\" >3. Freiberuflicher \u00dcbersetzer oder Redakteur<\/a><\/li><li class='ez-toc-page-1 ez-toc-heading-level-2'><a class=\"ez-toc-link ez-toc-heading-4\" href=\"https:\/\/topsecretsicily.com\/de\/digitale-nomaden-7-aktivitaeten-die-sie-aus-der-ferne-erledigen-koennen\/#4_Grafikdesigner\" >4. Grafikdesigner<\/a><\/li><li class='ez-toc-page-1 ez-toc-heading-level-2'><a class=\"ez-toc-link ez-toc-heading-5\" href=\"https:\/\/topsecretsicily.com\/de\/digitale-nomaden-7-aktivitaeten-die-sie-aus-der-ferne-erledigen-koennen\/#5_Experte_fuer_E-Commerce\" >5. Experte f\u00fcr E-Commerce<\/a><\/li><li class='ez-toc-page-1 ez-toc-heading-level-2'><a class=\"ez-toc-link ez-toc-heading-6\" href=\"https:\/\/topsecretsicily.com\/de\/digitale-nomaden-7-aktivitaeten-die-sie-aus-der-ferne-erledigen-koennen\/#6_Online-Lehrer_oder_Tutor\" >6. Online-Lehrer oder Tutor<\/a><\/li><li class='ez-toc-page-1 ez-toc-heading-level-2'><a class=\"ez-toc-link ez-toc-heading-7\" href=\"https:\/\/topsecretsicily.com\/de\/digitale-nomaden-7-aktivitaeten-die-sie-aus-der-ferne-erledigen-koennen\/#7_Virtueller_Assistent\" >7. Virtueller Assistent<\/a><\/li><li class='ez-toc-page-1 ez-toc-heading-level-2'><a class=\"ez-toc-link ez-toc-heading-8\" href=\"https:\/\/topsecretsicily.com\/de\/digitale-nomaden-7-aktivitaeten-die-sie-aus-der-ferne-erledigen-koennen\/#Mehrwertsteuerverwaltung_fuer_digitale_Nomaden\" >Mehrwertsteuerverwaltung f\u00fcr digitale Nomaden<\/a><\/li><li class='ez-toc-page-1 ez-toc-heading-level-2'><a class=\"ez-toc-link ez-toc-heading-9\" href=\"https:\/\/topsecretsicily.com\/de\/digitale-nomaden-7-aktivitaeten-die-sie-aus-der-ferne-erledigen-koennen\/#Warum_die_Telearbeit_weiter_zunimmt\" >Warum die Telearbeit weiter zunimmt<\/a><ul class='ez-toc-list-level-3' ><li class='ez-toc-heading-level-3'><a class=\"ez-toc-link ez-toc-heading-10\" href=\"https:\/\/topsecretsicily.com\/de\/digitale-nomaden-7-aktivitaeten-die-sie-aus-der-ferne-erledigen-koennen\/#Unverzichtbare_Tools_fuer_die_Arbeit_aus_der_Ferne\" >Unverzichtbare Tools f\u00fcr die Arbeit aus der Ferne<\/a><\/li><\/ul><\/li><\/ul><\/nav><\/div>\n<h2 class=\"wp-block-heading\"><span class=\"ez-toc-section\" id=\"1_Berater_fuer_digitales_Marketing\"><\/span><a><\/a><strong>1. Berater f\u00fcr digitales Marketing<\/strong><span class=\"ez-toc-section-end\"><\/span><\/h2>\n\n<p>Das digitale Marketing ist einer der flexibelsten Bereiche. Berater k\u00f6nnen Werbekampagnen, Social-Media-Strategien und SEO direkt von einem Computer aus verwalten. <\/p>\n\n<p>Dank der Online-Analyse-Tools k\u00f6nnen Sie die Leistung Ihrer Kampagnen von \u00fcberall aus \u00fcberwachen und Ihren Kunden so greifbare Ergebnisse garantieren.<\/p>\n\n<h2 class=\"wp-block-heading\"><span class=\"ez-toc-section\" id=\"2_Web-_oder_App-Entwickler\"><\/span><a><\/a><strong>2. Web- oder App-Entwickler<\/strong><span class=\"ez-toc-section-end\"><\/span><\/h2>\n\n<p>Website- und Anwendungsentwickler haben den Vorteil, dass sie \u00fcberall dort arbeiten k\u00f6nnen, wo es eine stabile Internetverbindung gibt.<\/p>\n\n<p>Kollaborationsplattformen wie GitHub und Slack erm\u00f6glichen es, mit dem Team zu kommunizieren und Code in Echtzeit auszutauschen &#8211; perfekt f\u00fcr alle, die viel unterwegs sind.<\/p>\n\n<h2 class=\"wp-block-heading\"><span class=\"ez-toc-section\" id=\"3_Freiberuflicher_Uebersetzer_oder_Redakteur\"><\/span><a><\/a><strong>3. Freiberuflicher \u00dcbersetzer oder Redakteur<\/strong><span class=\"ez-toc-section-end\"><\/span><\/h2>\n\n<p>Wer eine Leidenschaft f\u00fcr Sprachen oder das Schreiben hat, kann als freiberuflicher \u00dcbersetzer oder Redakteur arbeiten. Diese Art der T\u00e4tigkeit erfordert keine physische Anwesenheit und bietet gro\u00dfe Flexibilit\u00e4t. <\/p>\n\n<p>Online-Portale wie Upwork und Fiverr erm\u00f6glichen es, Kunden aus der ganzen Welt zu finden, was die beruflichen M\u00f6glichkeiten erweitert.<\/p>\n\n<h2 class=\"wp-block-heading\"><span class=\"ez-toc-section\" id=\"4_Grafikdesigner\"><\/span><a><\/a><strong>4. Grafikdesigner<\/strong><span class=\"ez-toc-section-end\"><\/span><\/h2>\n\n<p>Freiberufliche Grafikdesigner k\u00f6nnen aus der Ferne Branding-Projekte, Logos und Werbematerialien realisieren.<\/p>\n\n<p>Auf Design-Software wie Adobe Creative Cloud kann von \u00fcberall aus zugegriffen werden, und Besprechungen mit Kunden k\u00f6nnen per Anruf oder E-Mail stattfinden.<\/p>\n\n<h2 class=\"wp-block-heading\"><span class=\"ez-toc-section\" id=\"5_Experte_fuer_E-Commerce\"><\/span><a><\/a><strong>5. Experte f\u00fcr E-Commerce<\/strong><span class=\"ez-toc-section-end\"><\/span><\/h2>\n\n<p>Angesichts des exponentiellen Wachstums des Online-Handels verwalten viele Fachleute digitale Shops oder bieten Beratung f\u00fcr E-Commerce-Plattformen an.<\/p>\n\n<p>Sie k\u00fcmmern sich um die Auftragsverwaltung, den Kundenservice und die Verkaufsstrategien, und das alles bequem von einem entfernten Standort aus.<\/p>\n\n<h2 class=\"wp-block-heading\"><span class=\"ez-toc-section\" id=\"6_Online-Lehrer_oder_Tutor\"><\/span><a><\/a><strong>6. Online-Lehrer oder Tutor<\/strong><span class=\"ez-toc-section-end\"><\/span><\/h2>\n\n<p>Digitale Lernplattformen haben den Online-Unterricht m\u00f6glich gemacht. Ein Lehrer kann Einzel- oder Gruppenunterricht zu verschiedenen Themen anbieten, von Fremdsprachen bis zum Programmieren. <\/p>\n\n<p>Dank Tools wie Zoom und Google Meet kann der Unterricht \u00fcberall stattfinden, ohne geografische Grenzen.<\/p>\n\n<h2 class=\"wp-block-heading\"><span class=\"ez-toc-section\" id=\"7_Virtueller_Assistent\"><\/span><a><\/a><strong>7. Virtueller Assistent<\/strong><span class=\"ez-toc-section-end\"><\/span><\/h2>\n\n<p>Virtuelle Assistenten bieten administrative Unterst\u00fctzung, verwalten Terminkalender, E-Mails und Back-Office-Aufgaben f\u00fcr Unternehmen oder Unternehmer.<\/p>\n\n<p>Diese Aufgabe erfordert Organisation, bietet aber die Freiheit, von \u00fcberall aus zu arbeiten, auch auf Reisen.<\/p>\n\n<h2 class=\"wp-block-heading\"><span class=\"ez-toc-section\" id=\"Mehrwertsteuerverwaltung_fuer_digitale_Nomaden\"><\/span><a><\/a><strong>Mehrwertsteuerverwaltung f\u00fcr digitale Nomaden<\/strong><span class=\"ez-toc-section-end\"><\/span><\/h2>\n\n<p>Viele T\u00e4tigkeiten, die aus der Ferne ausge\u00fcbt werden, erfordern die Erteilung einer Umsatzsteuer-Identifikationsnummer. Diese ist unerl\u00e4sslich, um als Freiberufler oder Berater legal zu arbeiten. <\/p>\n\n<p>Die Wahl der am besten geeigneten Steuerregelung, wie z.B. der Pauschalregelung, kann <a href=\"https:\/\/www.fiscozen.it\/guide\/perche-avere-un-commercialista\/\" target=\"_blank\" rel=\"noopener\" title=\"\">die wirtschaftliche Verwaltung<\/a> durch die Reduzierung von Kosten und administrativen Verpflichtungen <a href=\"https:\/\/www.fiscozen.it\/guide\/perche-avere-un-commercialista\/\" target=\"_blank\" rel=\"noopener\" title=\"\">vereinfachen<\/a>.<\/p>\n\n<p>Dank Diensten wie Fiscozen k\u00f6nnen Sie Ihre Umsatzsteuer-Identifikationsnummer einfach und ohne Stress verwalten. Fiscozen bietet Unterst\u00fctzung bei der Rechnungsstellung, der Berechnung von Steuern und der \u00dcberwachung von Fristen, so dass sich digitale Nomaden auf ihre Arbeit konzentrieren k\u00f6nnen. <\/p>\n\n<h2 class=\"wp-block-heading\"><span class=\"ez-toc-section\" id=\"Warum_die_Telearbeit_weiter_zunimmt\"><\/span><a><\/a><strong>Warum die Telearbeit weiter zunimmt<\/strong><span class=\"ez-toc-section-end\"><\/span><\/h2>\n\n<p>Fernarbeit wird immer beliebter, da sie Vorteile wie Flexibilit\u00e4t, geringere Reisekosten und ein besseres Zeitmanagement bietet.<\/p>\n\n<p>Viele Unternehmen setzen auf hybride oder vollst\u00e4ndig ferngesteuerte Arbeitsmodelle, die es Berufst\u00e4tigen erleichtern, den Lebensstil eines digitalen Nomaden zu w\u00e4hlen.<\/p>\n\n<h3 class=\"wp-block-heading\"><span class=\"ez-toc-section\" id=\"Unverzichtbare_Tools_fuer_die_Arbeit_aus_der_Ferne\"><\/span><a><\/a>Unverzichtbare Tools f\u00fcr die Arbeit aus der Ferne<span class=\"ez-toc-section-end\"><\/span><\/h3>\n\n<p>F\u00fcr diejenigen, die aus der Ferne arbeiten, sind bestimmte Tools unverzichtbar:<\/p>\n\n<ul class=\"wp-block-list\">\n<li><strong>Stabile Internetverbindung:<\/strong> Dies ist f\u00fcr jede Online-Aktivit\u00e4t unerl\u00e4sslich.<\/li>\n\n\n\n<li><strong>Projektmanagement-Software:<\/strong> Plattformen wie Trello oder Asana helfen bei der Organisation.<\/li>\n\n\n\n<li><strong>Cloud-Speicherdienste:<\/strong> Google Drive und Dropbox erm\u00f6glichen den Zugriff auf Dateien von \u00fcberall.<\/li>\n<\/ul>\n\n<p>Diese Tools gew\u00e4hrleisten die Gesch\u00e4ftskontinuit\u00e4t auch auf Reisen.<\/p>\n\n<p>Ein digitaler Nomade zu werden ist eine Lebenseinstellung, die Freiheit und berufliche M\u00f6glichkeiten miteinander verbindet. Mit der richtigen Planung und dem Einsatz geeigneter Tools ist es m\u00f6glich, aus der Ferne produktiv zu arbeiten. <\/p>\n\n<p>Diejenigen, die sich f\u00fcr diesen Weg entscheiden, sollten sorgf\u00e4ltig \u00fcber die Steuerverwaltung nachdenken und sich f\u00fcr Dienste entscheiden, die den Prozess vereinfachen, wie z.B. Fiscozen, damit Sie Ihre Mehrwertsteuernummer immer unter Kontrolle haben.<\/p>\n\n<p>In einer zunehmend vernetzten Welt sind die M\u00f6glichkeiten endlos: Sie m\u00fcssen nur die richtige T\u00e4tigkeit w\u00e4hlen und bereit sein, die Welt zu erkunden, w\u00e4hrend Sie arbeiten.<\/p>\n","protected":false},"excerpt":{"rendered":"","protected":false},"author":1,"featured_media":48593,"parent":0,"menu_order":1,"comment_status":"closed","ping_status":"closed","template":"","meta":{"_lmt_disableupdate":"","_lmt_disable":"","footnotes":""},"class_list":["post-48577","page","type-page","status-publish","has-post-thumbnail","hentry"],"aioseo_notices":[],"_links":{"self":[{"href":"https:\/\/topsecretsicily.com\/de\/wp-json\/wp\/v2\/pages\/48577","targetHints":{"allow":["GET"]}}],"collection":[{"href":"https:\/\/topsecretsicily.com\/de\/wp-json\/wp\/v2\/pages"}],"about":[{"href":"https:\/\/topsecretsicily.com\/de\/wp-json\/wp\/v2\/types\/page"}],"author":[{"embeddable":true,"href":"https:\/\/topsecretsicily.com\/de\/wp-json\/wp\/v2\/users\/1"}],"replies":[{"embeddable":true,"href":"https:\/\/topsecretsicily.com\/de\/wp-json\/wp\/v2\/comments?post=48577"}],"version-history":[{"count":2,"href":"https:\/\/topsecretsicily.com\/de\/wp-json\/wp\/v2\/pages\/48577\/revisions"}],"predecessor-version":[{"id":48597,"href":"https:\/\/topsecretsicily.com\/de\/wp-json\/wp\/v2\/pages\/48577\/revisions\/48597"}],"wp:featuredmedia":[{"embeddable":true,"href":"https:\/\/topsecretsicily.com\/de\/wp-json\/wp\/v2\/media\/48593"}],"wp:attachment":[{"href":"https:\/\/topsecretsicily.com\/de\/wp-json\/wp\/v2\/media?parent=48577"}],"curies":[{"name":"wp","href":"https:\/\/api.w.org\/{rel}","templated":true}]}}