{"id":39389,"date":"2024-06-01T16:34:07","date_gmt":"2024-06-01T16:34:07","guid":{"rendered":"https:\/\/topsecretsicily.com\/politica-de-privacidad\/"},"modified":"2024-06-01T16:34:15","modified_gmt":"2024-06-01T16:34:15","slug":"politica-de-privacidad","status":"publish","type":"page","link":"https:\/\/topsecretsicily.com\/es\/politica-de-privacidad\/","title":{"rendered":"Pol\u00edtica de privacidad"},"content":{"rendered":"\n<h2 class=\"wp-block-heading\">Pol\u00edtica de privacidad<\/h2>\n\n<p>El objetivo de esta pol\u00edtica de privacidad es informar a los usuarios de este sitio web sobre la naturaleza, el alcance y la finalidad de la recogida y el uso de datos personales por parte del operador del sitio web.<\/p>\n\n<p>El operador del sitio web se toma muy en serio la protecci\u00f3n de tus datos y trata tus datos personales de forma confidencial y de acuerdo con las disposiciones legales. Dado que las nuevas tecnolog\u00edas y el desarrollo constante de este sitio web pueden dar lugar a cambios en esta declaraci\u00f3n de protecci\u00f3n de datos, te recomendamos que vuelvas a leer peri\u00f3dicamente la declaraci\u00f3n de protecci\u00f3n de datos.<\/p>\n\n<p>Las definiciones de los t\u00e9rminos utilizados (por ejemplo, \u00abdatos personales\u00bb o \u00abtratamiento\u00bb) se encuentran en el Art. 4 DSGVO.<\/p>\n\n<p><strong>Medici\u00f3n de caudal y galletas<\/strong><\/p>\n\n<p>Este sitio web utiliza cookies de medici\u00f3n de flujo seudonimizadas, que se transmiten al navegador del usuario desde nuestro servidor o el servidor de un tercero. Las cookies son peque\u00f1os archivos que se almacenan en tu terminal. Tu navegador accede a estos archivos. El uso de cookies aumenta la facilidad de uso y la seguridad de este sitio web.<\/p>\n\n<p>Si no quieres que se almacenen cookies en tu dispositivo terminal para medir el alcance, puedes oponerte al uso de estos archivos aqu\u00ed:<\/p>\n\n<p>P\u00e1gina de desactivaci\u00f3n de cookies de la iniciativa de publicidad en red: <a href=\"http:\/\/optout.networkadvertising.org\/?c=1#!\/\" target=\"_blank\" rel=\"noreferrer noopener\">http:\/\/optout.networkadvertising.org\/?c=1#!\/<\/a><br\/>P\u00e1gina de desactivaci\u00f3n de cookies del sitio web de EE.UU.: <a href=\"http:\/\/optout.aboutads.info\/?c=2#!\/\">http:\/\/optout.aboutads.info\/?c=2#!\/<\/a><br\/>P\u00e1gina europea de desactivaci\u00f3n de cookies: <a href=\"http:\/\/optout.networkadvertising.org\/?c=1#!\/\" target=\"_blank\" rel=\"noreferrer noopener\">http:\/\/optout.networkadvertising.org\/?c=1#!\/<\/a><br\/>Los navegadores m\u00e1s populares ofrecen la opci\u00f3n de desactivar las cookies. Nota: no se garantiza el acceso a todas las funciones de este sitio web sin restricciones si estableces las preferencias adecuadas.<\/p>\n\n<p><strong>Recogida y tratamiento de datos personales<\/strong><\/p>\n\n<p>El operador del sitio web s\u00f3lo recopila, utiliza y revela tus datos personales si lo permite la ley o si das tu consentimiento a la recopilaci\u00f3n de dichos datos.<\/p>\n\n<p>Los datos personales son cualquier informaci\u00f3n que se pueda utilizar para identificarte personalmente y que se pueda rastrear hasta ti; por ejemplo, tu nombre, direcci\u00f3n de correo electr\u00f3nico y n\u00famero de tel\u00e9fono. El sitio web www.topsecretsicily.com no almacena este tipo de datos personales. Sin embargo, para mejorar nuestros servicios en l\u00ednea, almacenamos (sin referencia personal) tus datos de acceso a este sitio web. Estos datos de acceso incluyen, por ejemplo, el archivo que has solicitado o el nombre de tu proveedor de Internet. Al anonimizar los datos, no se pueden extraer conclusiones sobre ti.<\/p>\n\n<p>Tratamos datos personales como el nombre, la direcci\u00f3n IP, la direcci\u00f3n de correo electr\u00f3nico y los detalles del contenido del formulario de contacto.<\/p>\n\n<p>S\u00f3lo procesamos datos personales con el permiso expreso de los usuarios afectados y de acuerdo con la normativa aplicable sobre protecci\u00f3n de datos.<\/p>\n\n<p>El tratamiento de los datos personales se basa en nuestro inter\u00e9s leg\u00edtimo en optimizar nuestros servicios en l\u00ednea.<\/p>\n\n<p><strong>Google Analytics<\/strong><\/p>\n\n<p>Este sitio web utiliza el servicio \u00abGoogle Analytics\u00bb en virtud de nuestro inter\u00e9s leg\u00edtimo en optimizar y analizar nuestra oferta en l\u00ednea de conformidad con el Art. 6 cpv. 1 lett. f. DSGVO el servicio \u00abGoogle Analytics\u00bb, prestado por Google Inc. (1600 Amphitheatre Parkway Mountain View, CA 94043, EEUU). El servicio (Google Analytics) utiliza \u00abcookies\u00bb, archivos de texto que se almacenan en tu terminal. La informaci\u00f3n recogida por la cookie se env\u00eda normalmente a un servidor de Google en EE.UU. y se almacena all\u00ed.<\/p>\n\n<p>Google LLC cumple la legislaci\u00f3n europea sobre protecci\u00f3n de datos y est\u00e1 certificada seg\u00fan el acuerdo del Escudo de Privacidad: https:\/\/www.privacyshield.gov\/participant?id=a2zt000000001L5AAI&amp;status=Active<\/p>\n\n<p>En este sitio web se utiliza la anonimizaci\u00f3n de IP. La direcci\u00f3n IP del usuario se acorta dentro de los Estados miembros de la UE y del Espacio Econ\u00f3mico Europeo y en los dem\u00e1s Estados contratantes del acuerdo. S\u00f3lo en casos concretos se acort\u00f3 la direcci\u00f3n IP transmitida inicialmente a un servidor de Google en Estados Unidos. Este acortamiento elimina la referencia personal de tu direcci\u00f3n IP. La direcci\u00f3n IP del usuario transmitida por el navegador no se combina con otros datos almacenados por Google.<\/p>\n\n<p>En virtud del acuerdo de protecci\u00f3n de datos que nosotros, como operador del sitio web, hemos concluido con Google Inc., este \u00faltimo utiliza la informaci\u00f3n recopilada para evaluar el uso del sitio web y la actividad del sitio web y presta servicios asociados al uso de Internet.<\/p>\n\n<p>Los datos recopilados por Google en nuestro nombre se utilizan para evaluar el uso de nuestra oferta en l\u00ednea por parte de usuarios individuales, por ejemplo, para crear informes sobre la actividad del sitio web con el fin de mejorar nuestra oferta en l\u00ednea.<\/p>\n\n<p>Puedes evitar que se almacenen cookies en tu dispositivo configurando adecuadamente tu navegador. El acceso a todas las funciones de este sitio web sin restricciones no est\u00e1 garantizado si tu navegador no permite cookies.<\/p>\n\n<p>Adem\u00e1s, puedes utilizar un complemento del navegador para evitar que la informaci\u00f3n recopilada por la cookie (incluida tu direcci\u00f3n IP) sea enviada a Google Inc. y utilizada por \u00e9sta. El siguiente enlace lleva al plugin correspondiente: https:\/\/tools.google.com\/dlpage\/gaoptout?hl=de.<\/p>\n\n<p>Alternativamente, puedes evitar que Google Analytics recopile datos sobre ti dentro de este sitio web haciendo clic en este enlace (IMPORTANTE: introduce el enlace de inhabilitaci\u00f3n). Al hacer clic en el enlace anterior, descargar\u00e1s una \u00abcookie de exclusi\u00f3n\u00bb. Por lo tanto, en principio, tu navegador debe permitir que se almacenen cookies con este fin. Si borras regularmente las cookies, tendr\u00e1s que volver a hacer clic en el enlace cada vez que visites este sitio web.<\/p>\n\n<p>Aqu\u00ed puedes encontrar m\u00e1s informaci\u00f3n sobre el uso de datos por parte de Google Inc:<\/p>\n\n<p><a href=\"https:\/\/policies.google.com\/privacy\/partners?hl=it%20\">https:\/\/policies.google.com\/privacy\/partners?hl=it <\/a>(datos recogidos por socios de Google)<br\/><a href=\"https:\/\/adssettings.google.de\/authenticated\">https:\/\/adssettings.google.de\/authenticated<\/a> (preferencias sobre los anuncios que se te muestran)<br\/><a href=\"https:\/\/policies.google.com\/technologies\/ads?hl=it\">https:\/\/policies.google.com\/technologies\/ads?hl=it<\/a> (uso de cookies en anuncios)<br\/><\/p>\n\n<p><strong>Derechos de los usuarios<\/strong><\/p>\n\n<p>Como usuario, tienes derecho a recibir, previa solicitud y de forma gratuita, informaci\u00f3n sobre qu\u00e9 datos personales se han almacenado sobre ti. Tambi\u00e9n tienes derecho a que se corrijan los datos inexactos y a que se restrinjan o supriman tus datos personales. Cuando proceda, tambi\u00e9n podr\u00e1s ejercer tu derecho a la portabilidad de los datos. Si crees que tus datos han sido tratados ilegalmente, puedes presentar una reclamaci\u00f3n ante la autoridad de control competente.<\/p>\n\n<p><strong>Contenido incrustado de otros sitios web<\/strong><\/p>\n\n<p>Los art\u00edculos de este sitio pueden incluir contenido incrustado (por ejemplo, v\u00eddeos, im\u00e1genes, art\u00edculos, mapas, etc.). El contenido incrustado de otros sitios web se comporta exactamente como si el visitante hubiera visitado el otro sitio web.<\/p>\n\n<p>Estos sitios web pueden recopilar datos sobre ti, utilizar cookies, incorporar seguimiento adicional de terceros y supervisar tu interacci\u00f3n con ese contenido incrustado, incluida la supervisi\u00f3n de tu interacci\u00f3n con el contenido incrustado si tienes una cuenta y has iniciado sesi\u00f3n en ese sitio web.<\/p>\n\n<p><strong>Eliminaci\u00f3n de datos<\/strong><\/p>\n\n<p>A menos que tu solicitud entre en conflicto con una obligaci\u00f3n legal de almacenar datos (por ejemplo, retenci\u00f3n de datos), tienes derecho a que se eliminen tus datos. Los datos almacenados por nosotros se eliminar\u00e1n si ya no son necesarios para el fin previsto y no existen periodos legales de conservaci\u00f3n. Si la supresi\u00f3n no puede llevarse a cabo porque los datos son necesarios para fines legalmente permitidos, se restringir\u00e1 el tratamiento de los datos. En este caso, los datos se bloquear\u00e1n y no se tratar\u00e1n para otros fines.  <\/p>\n\n<p><strong>Derecho de oposici\u00f3n<\/strong><\/p>\n\n<p>Los usuarios de este sitio web pueden ejercer su derecho a oponerse al tratamiento de sus datos personales en cualquier momento.<\/p>\n\n<p>Si deseas corregir, bloquear, eliminar u obtener informaci\u00f3n sobre los datos personales que te conciernen o si tienes preguntas sobre la recopilaci\u00f3n, el tratamiento o el uso de tus datos personales o si deseas revocar cualquier consentimiento que hayas dado, env\u00eda un correo electr\u00f3nico a info@topsecretsicily.com.<\/p>\n","protected":false},"excerpt":{"rendered":"","protected":false},"author":1,"featured_media":0,"parent":0,"menu_order":157,"comment_status":"closed","ping_status":"open","template":"","meta":{"_lmt_disableupdate":"","_lmt_disable":"","footnotes":""},"class_list":["post-39389","page","type-page","status-publish","hentry"],"aioseo_notices":[],"_links":{"self":[{"href":"https:\/\/topsecretsicily.com\/es\/wp-json\/wp\/v2\/pages\/39389","targetHints":{"allow":["GET"]}}],"collection":[{"href":"https:\/\/topsecretsicily.com\/es\/wp-json\/wp\/v2\/pages"}],"about":[{"href":"https:\/\/topsecretsicily.com\/es\/wp-json\/wp\/v2\/types\/page"}],"author":[{"embeddable":true,"href":"https:\/\/topsecretsicily.com\/es\/wp-json\/wp\/v2\/users\/1"}],"replies":[{"embeddable":true,"href":"https:\/\/topsecretsicily.com\/es\/wp-json\/wp\/v2\/comments?post=39389"}],"version-history":[{"count":1,"href":"https:\/\/topsecretsicily.com\/es\/wp-json\/wp\/v2\/pages\/39389\/revisions"}],"predecessor-version":[{"id":39501,"href":"https:\/\/topsecretsicily.com\/es\/wp-json\/wp\/v2\/pages\/39389\/revisions\/39501"}],"wp:attachment":[{"href":"https:\/\/topsecretsicily.com\/es\/wp-json\/wp\/v2\/media?parent=39389"}],"curies":[{"name":"wp","href":"https:\/\/api.w.org\/{rel}","templated":true}]}}