{"id":39460,"date":"2024-06-01T16:34:10","date_gmt":"2024-06-01T16:34:10","guid":{"rendered":"https:\/\/topsecretsicily.com\/quienes-son\/"},"modified":"2024-06-01T16:34:49","modified_gmt":"2024-06-01T16:34:49","slug":"quienes-son","status":"publish","type":"page","link":"https:\/\/topsecretsicily.com\/es\/quienes-son\/","title":{"rendered":"Qui\u00e9nes son"},"content":{"rendered":"\n<p>Bienvenido a Top Secret Sicilia, me llamo Dario Lo Turco y hace unos a\u00f1os decid\u00ed crear este sitio. Mi objetivo es dar a conocer los tesoros de Sicilia, incluso los menos conocidos (de ah\u00ed el nombre de Top Secret Sicily) de la forma m\u00e1s clara y sencilla posible \ud83d\ude0a.<\/p>\n\n<p>He tenido la suerte de poder viajar por esta isla y he le\u00eddo varios libros y gu\u00edas sobre Sicilia. Al mismo tiempo trabajo en el mundo online y estas pasiones me han permitido crear Top Secret Sicilia.<\/p>\n\n<p>\u00a1Espero que mis consejos te resulten \u00fatiles y que pases unas vacaciones maravillosas \ud83c\udf1e\ud83c\udf34!<\/p>\n\n<p>Si deseas ponerte en contacto conmigo, puedes hacerlo enviando un correo electr\u00f3nico a: <a href=\"mailto:info@topsecretsicily.com\" target=\"_blank\" rel=\"noopener\" title=\"\">info@topsecretsicily.com<\/a><\/p>\n\n<figure class=\"wp-block-image size-large\"><img loading=\"lazy\" decoding=\"async\" width=\"1024\" height=\"768\" src=\"https:\/\/topsecretsicily.com\/wp-content\/uploads\/2024\/04\/AL_6NlCDSeiDK717T_b3og-2-1024x768.jpg\" alt=\"Dario Lo Turco autor Topsecretsicily.com\" class=\"wp-image-37753\" srcset=\"https:\/\/topsecretsicily.com\/wp-content\/uploads\/2024\/04\/AL_6NlCDSeiDK717T_b3og-2-1024x768.jpg 1024w, https:\/\/topsecretsicily.com\/wp-content\/uploads\/2024\/04\/AL_6NlCDSeiDK717T_b3og-2-300x225.jpg 300w, https:\/\/topsecretsicily.com\/wp-content\/uploads\/2024\/04\/AL_6NlCDSeiDK717T_b3og-2-768x576.jpg 768w, https:\/\/topsecretsicily.com\/wp-content\/uploads\/2024\/04\/AL_6NlCDSeiDK717T_b3og-2.jpg 1225w\" sizes=\"auto, (max-width: 1024px) 100vw, 1024px\" \/><figcaption class=\"wp-element-caption\"><strong>Degustaci\u00f3n de un cannoli en Cefal\u00fa<\/strong><\/figcaption><\/figure>\n\n<figure class=\"wp-block-image size-large is-resized\"><img loading=\"lazy\" decoding=\"async\" width=\"768\" height=\"1024\" src=\"https:\/\/topsecretsicily.com\/wp-content\/uploads\/2024\/04\/2022-10-02_15-04-44_787-conv-1152x1536-1-768x1024.jpeg\" alt=\"El perro Jay Jay en Selinunte\" class=\"wp-image-37759\" style=\"width:880px;height:auto\" srcset=\"https:\/\/topsecretsicily.com\/wp-content\/uploads\/2024\/04\/2022-10-02_15-04-44_787-conv-1152x1536-1-768x1024.jpeg 768w, https:\/\/topsecretsicily.com\/wp-content\/uploads\/2024\/04\/2022-10-02_15-04-44_787-conv-1152x1536-1-225x300.jpeg 225w, https:\/\/topsecretsicily.com\/wp-content\/uploads\/2024\/04\/2022-10-02_15-04-44_787-conv-1152x1536-1.jpeg 1152w\" sizes=\"auto, (max-width: 768px) 100vw, 768px\" \/><figcaption class=\"wp-element-caption\"><strong>Mi fiel compa\u00f1ero de viaje Jay Jay<\/strong><\/figcaption><\/figure>\n\n<figure class=\"wp-block-image size-full is-resized\"><img loading=\"lazy\" decoding=\"async\" width=\"690\" height=\"918\" src=\"https:\/\/topsecretsicily.com\/wp-content\/uploads\/2024\/04\/A5PL0AWfQ4-zhzpOXY5mmg.jpg\" alt=\"Dario Lo Turco - Autor Top Secret Sicilia\" class=\"wp-image-36485\" style=\"width:880px;height:auto\" srcset=\"https:\/\/topsecretsicily.com\/wp-content\/uploads\/2024\/04\/A5PL0AWfQ4-zhzpOXY5mmg.jpg 690w, https:\/\/topsecretsicily.com\/wp-content\/uploads\/2024\/04\/A5PL0AWfQ4-zhzpOXY5mmg-225x300.jpg 225w\" sizes=\"auto, (max-width: 690px) 100vw, 690px\" \/><figcaption class=\"wp-element-caption\"><strong>Disfrutar del sol y del mar<\/strong><\/figcaption><\/figure>\n","protected":false},"excerpt":{"rendered":"","protected":false},"author":1,"featured_media":39472,"parent":0,"menu_order":21,"comment_status":"closed","ping_status":"closed","template":"","meta":{"_lmt_disableupdate":"","_lmt_disable":"","footnotes":""},"class_list":["post-39460","page","type-page","status-publish","has-post-thumbnail","hentry"],"aioseo_notices":[],"_links":{"self":[{"href":"https:\/\/topsecretsicily.com\/es\/wp-json\/wp\/v2\/pages\/39460","targetHints":{"allow":["GET"]}}],"collection":[{"href":"https:\/\/topsecretsicily.com\/es\/wp-json\/wp\/v2\/pages"}],"about":[{"href":"https:\/\/topsecretsicily.com\/es\/wp-json\/wp\/v2\/types\/page"}],"author":[{"embeddable":true,"href":"https:\/\/topsecretsicily.com\/es\/wp-json\/wp\/v2\/users\/1"}],"replies":[{"embeddable":true,"href":"https:\/\/topsecretsicily.com\/es\/wp-json\/wp\/v2\/comments?post=39460"}],"version-history":[{"count":1,"href":"https:\/\/topsecretsicily.com\/es\/wp-json\/wp\/v2\/pages\/39460\/revisions"}],"predecessor-version":[{"id":39541,"href":"https:\/\/topsecretsicily.com\/es\/wp-json\/wp\/v2\/pages\/39460\/revisions\/39541"}],"wp:featuredmedia":[{"embeddable":true,"href":"https:\/\/topsecretsicily.com\/es\/wp-json\/wp\/v2\/media\/39472"}],"wp:attachment":[{"href":"https:\/\/topsecretsicily.com\/es\/wp-json\/wp\/v2\/media?parent=39460"}],"curies":[{"name":"wp","href":"https:\/\/api.w.org\/{rel}","templated":true}]}}