{"id":48581,"date":"2025-02-04T09:37:59","date_gmt":"2025-02-04T09:37:59","guid":{"rendered":"https:\/\/topsecretsicily.com\/nomadas-digitales-7-actividades-que-puedes-hacer-a-distancia\/"},"modified":"2025-02-07T14:58:17","modified_gmt":"2025-02-07T14:58:17","slug":"nomadas-digitales-7-actividades-que-puedes-hacer-a-distancia","status":"publish","type":"page","link":"https:\/\/topsecretsicily.com\/es\/nomadas-digitales-7-actividades-que-puedes-hacer-a-distancia\/","title":{"rendered":"N\u00f3madas digitales: 7 actividades que puedes hacer a distancia"},"content":{"rendered":"\n<p>La revoluci\u00f3n digital ha transformado profundamente el concepto de trabajo. Hoy, quienes desean viajar sin renunciar a su carrera pueden hacerlo gracias a las numerosas oportunidades que ofrece el trabajo a distancia. He aqu\u00ed 7 actividades ideales para quienes optan por convertirse en n\u00f3madas digitales.  <\/p>\n\n<div id=\"ez-toc-container\" class=\"ez-toc-v2_0_83 counter-hierarchy ez-toc-counter ez-toc-grey ez-toc-container-direction\">\n<div class=\"ez-toc-title-container\">\n<p class=\"ez-toc-title\" style=\"cursor:inherit\">\u00cdndice de contenidos<\/p>\n<span class=\"ez-toc-title-toggle\"><a href=\"#\" class=\"ez-toc-pull-right ez-toc-btn ez-toc-btn-xs ez-toc-btn-default ez-toc-toggle\" aria-label=\"Alternar tabla de contenidos\"><span class=\"ez-toc-js-icon-con\"><span class=\"\"><span class=\"eztoc-hide\" style=\"display:none;\">Toggle<\/span><span class=\"ez-toc-icon-toggle-span\"><svg style=\"fill: #999;color:#999\" xmlns=\"http:\/\/www.w3.org\/2000\/svg\" class=\"list-377408\" width=\"20px\" height=\"20px\" viewBox=\"0 0 24 24\" fill=\"none\"><path d=\"M6 6H4v2h2V6zm14 0H8v2h12V6zM4 11h2v2H4v-2zm16 0H8v2h12v-2zM4 16h2v2H4v-2zm16 0H8v2h12v-2z\" fill=\"currentColor\"><\/path><\/svg><svg style=\"fill: #999;color:#999\" class=\"arrow-unsorted-368013\" xmlns=\"http:\/\/www.w3.org\/2000\/svg\" width=\"10px\" height=\"10px\" viewBox=\"0 0 24 24\" version=\"1.2\" baseProfile=\"tiny\"><path d=\"M18.2 9.3l-6.2-6.3-6.2 6.3c-.2.2-.3.4-.3.7s.1.5.3.7c.2.2.4.3.7.3h11c.3 0 .5-.1.7-.3.2-.2.3-.5.3-.7s-.1-.5-.3-.7zM5.8 14.7l6.2 6.3 6.2-6.3c.2-.2.3-.5.3-.7s-.1-.5-.3-.7c-.2-.2-.4-.3-.7-.3h-11c-.3 0-.5.1-.7.3-.2.2-.3.5-.3.7s.1.5.3.7z\"\/><\/svg><\/span><\/span><\/span><\/a><\/span><\/div>\n<nav><ul class='ez-toc-list ez-toc-list-level-1 ' ><li class='ez-toc-page-1 ez-toc-heading-level-2'><a class=\"ez-toc-link ez-toc-heading-1\" href=\"https:\/\/topsecretsicily.com\/es\/nomadas-digitales-7-actividades-que-puedes-hacer-a-distancia\/#1_Consultor_de_marketing_digital\" >1. Consultor de marketing digital<\/a><\/li><li class='ez-toc-page-1 ez-toc-heading-level-2'><a class=\"ez-toc-link ez-toc-heading-2\" href=\"https:\/\/topsecretsicily.com\/es\/nomadas-digitales-7-actividades-que-puedes-hacer-a-distancia\/#2_Desarrollador_web_o_de_aplicaciones\" >2. Desarrollador web o de aplicaciones<\/a><\/li><li class='ez-toc-page-1 ez-toc-heading-level-2'><a class=\"ez-toc-link ez-toc-heading-3\" href=\"https:\/\/topsecretsicily.com\/es\/nomadas-digitales-7-actividades-que-puedes-hacer-a-distancia\/#3_Traductor_o_editor_autonomo\" >3. Traductor o editor aut\u00f3nomo<\/a><\/li><li class='ez-toc-page-1 ez-toc-heading-level-2'><a class=\"ez-toc-link ez-toc-heading-4\" href=\"https:\/\/topsecretsicily.com\/es\/nomadas-digitales-7-actividades-que-puedes-hacer-a-distancia\/#4_Disenador_grafico\" >4. Dise\u00f1ador gr\u00e1fico<\/a><\/li><li class='ez-toc-page-1 ez-toc-heading-level-2'><a class=\"ez-toc-link ez-toc-heading-5\" href=\"https:\/\/topsecretsicily.com\/es\/nomadas-digitales-7-actividades-que-puedes-hacer-a-distancia\/#5_Experto_en_comercio_electronico\" >5. Experto en comercio electr\u00f3nico<\/a><\/li><li class='ez-toc-page-1 ez-toc-heading-level-2'><a class=\"ez-toc-link ez-toc-heading-6\" href=\"https:\/\/topsecretsicily.com\/es\/nomadas-digitales-7-actividades-que-puedes-hacer-a-distancia\/#6_Profesor_o_tutor_online\" >6. Profesor o tutor online<\/a><\/li><li class='ez-toc-page-1 ez-toc-heading-level-2'><a class=\"ez-toc-link ez-toc-heading-7\" href=\"https:\/\/topsecretsicily.com\/es\/nomadas-digitales-7-actividades-que-puedes-hacer-a-distancia\/#7_Asistente_virtual\" >7. Asistente virtual<\/a><\/li><li class='ez-toc-page-1 ez-toc-heading-level-2'><a class=\"ez-toc-link ez-toc-heading-8\" href=\"https:\/\/topsecretsicily.com\/es\/nomadas-digitales-7-actividades-que-puedes-hacer-a-distancia\/#Gestion_del_IVA_para_nomadas_digitales\" >Gesti\u00f3n del IVA para n\u00f3madas digitales<\/a><\/li><li class='ez-toc-page-1 ez-toc-heading-level-2'><a class=\"ez-toc-link ez-toc-heading-9\" href=\"https:\/\/topsecretsicily.com\/es\/nomadas-digitales-7-actividades-que-puedes-hacer-a-distancia\/#Por_que_sigue_creciendo_el_trabajo_a_distancia\" >Por qu\u00e9 sigue creciendo el trabajo a distancia<\/a><ul class='ez-toc-list-level-3' ><li class='ez-toc-heading-level-3'><a class=\"ez-toc-link ez-toc-heading-10\" href=\"https:\/\/topsecretsicily.com\/es\/nomadas-digitales-7-actividades-que-puedes-hacer-a-distancia\/#Herramientas_esenciales_para_trabajar_a_distancia\" >Herramientas esenciales para trabajar a distancia<\/a><\/li><\/ul><\/li><\/ul><\/nav><\/div>\n<h2 class=\"wp-block-heading\"><span class=\"ez-toc-section\" id=\"1_Consultor_de_marketing_digital\"><\/span><a><\/a><strong>1. Consultor de marketing digital<\/strong><span class=\"ez-toc-section-end\"><\/span><\/h2>\n\n<p>El marketing digital es uno de los sectores m\u00e1s flexibles. Los consultores pueden gestionar campa\u00f1as publicitarias, estrategias de redes sociales y SEO directamente desde un ordenador. <\/p>\n\n<p>Gracias a las herramientas de an\u00e1lisis en l\u00ednea, el rendimiento de las campa\u00f1as puede controlarse est\u00e9s donde est\u00e9s, lo que garantiza resultados tangibles para los clientes.<\/p>\n\n<h2 class=\"wp-block-heading\"><span class=\"ez-toc-section\" id=\"2_Desarrollador_web_o_de_aplicaciones\"><\/span><a><\/a><strong>2. Desarrollador web o de aplicaciones<\/strong><span class=\"ez-toc-section-end\"><\/span><\/h2>\n\n<p>Los desarrolladores de sitios web y aplicaciones tienen la ventaja de que pueden trabajar en cualquier lugar donde haya una conexi\u00f3n estable a Internet.<\/p>\n\n<p>Las plataformas de colaboraci\u00f3n como GitHub y Slack permiten comunicarse con el equipo y compartir c\u00f3digo en tiempo real, por lo que son perfectas para quienes est\u00e1n en movimiento.<\/p>\n\n<h2 class=\"wp-block-heading\"><span class=\"ez-toc-section\" id=\"3_Traductor_o_editor_autonomo\"><\/span><a><\/a><strong>3. Traductor o editor aut\u00f3nomo<\/strong><span class=\"ez-toc-section-end\"><\/span><\/h2>\n\n<p>Las personas apasionadas por los idiomas o la escritura pueden trabajar como traductor o redactor aut\u00f3nomo. Este tipo de actividad no requiere presencia f\u00edsica y ofrece una gran flexibilidad. <\/p>\n\n<p>Portales online como Upwork y Fiverr permiten encontrar clientes de todo el mundo, ampliando las oportunidades profesionales.<\/p>\n\n<h2 class=\"wp-block-heading\"><span class=\"ez-toc-section\" id=\"4_Disenador_grafico\"><\/span><a><\/a><strong>4. Dise\u00f1ador gr\u00e1fico<\/strong><span class=\"ez-toc-section-end\"><\/span><\/h2>\n\n<p>Los dise\u00f1adores gr\u00e1ficos aut\u00f3nomos pueden realizar proyectos de marca, logotipos y material promocional a distancia.<\/p>\n\n<p>Se puede acceder a programas de dise\u00f1o como Adobe Creative Cloud desde cualquier lugar, y las revisiones con los clientes pueden realizarse por tel\u00e9fono o correo electr\u00f3nico.<\/p>\n\n<h2 class=\"wp-block-heading\"><span class=\"ez-toc-section\" id=\"5_Experto_en_comercio_electronico\"><\/span><a><\/a><strong>5. Experto en comercio electr\u00f3nico<\/strong><span class=\"ez-toc-section-end\"><\/span><\/h2>\n\n<p>Con el crecimiento exponencial del comercio online, muchos profesionales gestionan tiendas digitales u ofrecen asesoramiento para plataformas de comercio electr\u00f3nico.<\/p>\n\n<p>Se encargan de la gesti\u00f3n de pedidos, el servicio al cliente y las estrategias de venta, todo ello desde la comodidad de una ubicaci\u00f3n remota.<\/p>\n\n<h2 class=\"wp-block-heading\"><span class=\"ez-toc-section\" id=\"6_Profesor_o_tutor_online\"><\/span><a><\/a><strong>6. Profesor o tutor online<\/strong><span class=\"ez-toc-section-end\"><\/span><\/h2>\n\n<p>Las plataformas digitales de aprendizaje han hecho posible la ense\u00f1anza en l\u00ednea. Un profesor puede ofrecer clases particulares o en grupo sobre diversos temas, desde lenguas extranjeras hasta programaci\u00f3n. <\/p>\n\n<p>Gracias a herramientas como Zoom y Google Meet, las clases tienen lugar en cualquier lugar, sin l\u00edmites geogr\u00e1ficos.<\/p>\n\n<h2 class=\"wp-block-heading\"><span class=\"ez-toc-section\" id=\"7_Asistente_virtual\"><\/span><a><\/a><strong>7. Asistente virtual<\/strong><span class=\"ez-toc-section-end\"><\/span><\/h2>\n\n<p>Los asistentes virtuales prestan apoyo administrativo, gestionan agendas, correos electr\u00f3nicos y tareas administrativas para empresas o empresarios.<\/p>\n\n<p>Este puesto requiere organizaci\u00f3n, pero ofrece la libertad de trabajar desde cualquier lugar, incluso estando de viaje.<\/p>\n\n<h2 class=\"wp-block-heading\"><span class=\"ez-toc-section\" id=\"Gestion_del_IVA_para_nomadas_digitales\"><\/span><a><\/a><strong>Gesti\u00f3n del IVA para n\u00f3madas digitales<\/strong><span class=\"ez-toc-section-end\"><\/span><\/h2>\n\n<p>Muchas actividades realizadas a distancia requieren la apertura de un n\u00famero de IVA. Esto es esencial para operar legalmente como aut\u00f3nomo o consultor. <\/p>\n\n<p>Elegir el r\u00e9gimen fiscal m\u00e1s adecuado, como el de tarifa plana, puede <a href=\"https:\/\/www.fiscozen.it\/guide\/perche-avere-un-commercialista\/\" target=\"_blank\" rel=\"noopener\" title=\"\">simplificar la gesti\u00f3n econ\u00f3mica<\/a> al reducir los costes y las obligaciones administrativas.<\/p>\n\n<p>Gracias a servicios como Fiscozen, puedes gestionar tu n\u00famero de IVA f\u00e1cilmente y sin estr\u00e9s. Fiscozen ofrece apoyo en la facturaci\u00f3n, el c\u00e1lculo de impuestos y el seguimiento de los plazos, lo que permite a los n\u00f3madas digitales concentrarse en su trabajo. <\/p>\n\n<h2 class=\"wp-block-heading\"><span class=\"ez-toc-section\" id=\"Por_que_sigue_creciendo_el_trabajo_a_distancia\"><\/span><a><\/a><strong>Por qu\u00e9 sigue creciendo el trabajo a distancia<\/strong><span class=\"ez-toc-section-end\"><\/span><\/h2>\n\n<p>El trabajo a distancia es cada vez m\u00e1s popular debido a las ventajas que ofrece, como flexibilidad, reducci\u00f3n de los gastos de viaje y mejor gesti\u00f3n del tiempo.<\/p>\n\n<p>Muchas empresas est\u00e1n adoptando modelos de trabajo h\u00edbridos o totalmente a distancia, lo que facilita a los profesionales optar por el estilo de vida de los n\u00f3madas digitales.<\/p>\n\n<h3 class=\"wp-block-heading\"><span class=\"ez-toc-section\" id=\"Herramientas_esenciales_para_trabajar_a_distancia\"><\/span><a><\/a>Herramientas esenciales para trabajar a distancia<span class=\"ez-toc-section-end\"><\/span><\/h3>\n\n<p>Para quienes trabajan a distancia, algunas herramientas son indispensables:<\/p>\n\n<ul class=\"wp-block-list\">\n<li><strong>Conexi\u00f3n estable a Internet:<\/strong> es esencial para cualquier actividad en l\u00ednea.<\/li>\n\n\n\n<li><strong>Software de gesti\u00f3n de proyectos:<\/strong> plataformas como Trello o Asana ayudan a mantener la organizaci\u00f3n.<\/li>\n\n\n\n<li><strong>Servicios de almacenamiento en la nube:<\/strong> Google Drive y Dropbox permiten acceder a los archivos desde cualquier lugar.<\/li>\n<\/ul>\n\n<p>Estas herramientas garantizan la continuidad de la empresa incluso durante los desplazamientos.<\/p>\n\n<p>Convertirse en n\u00f3mada digital es una elecci\u00f3n de estilo de vida que combina libertad y oportunidades profesionales. Con la planificaci\u00f3n adecuada y el uso de las herramientas apropiadas, es posible trabajar a distancia de forma productiva. <\/p>\n\n<p>Quienes se decidan por esta v\u00eda deben considerar detenidamente la gesti\u00f3n fiscal, optando por servicios que simplifiquen el proceso, como Fiscozen, para tener siempre bajo control el n\u00famero de IVA.<\/p>\n\n<p>En un mundo cada vez m\u00e1s conectado, las posibilidades son infinitas: s\u00f3lo tienes que elegir la actividad adecuada y estar preparado para explorar el mundo mientras trabajas.<\/p>\n","protected":false},"excerpt":{"rendered":"","protected":false},"author":1,"featured_media":48595,"parent":0,"menu_order":1,"comment_status":"closed","ping_status":"closed","template":"","meta":{"_lmt_disableupdate":"","_lmt_disable":"","footnotes":""},"class_list":["post-48581","page","type-page","status-publish","has-post-thumbnail","hentry"],"aioseo_notices":[],"_links":{"self":[{"href":"https:\/\/topsecretsicily.com\/es\/wp-json\/wp\/v2\/pages\/48581","targetHints":{"allow":["GET"]}}],"collection":[{"href":"https:\/\/topsecretsicily.com\/es\/wp-json\/wp\/v2\/pages"}],"about":[{"href":"https:\/\/topsecretsicily.com\/es\/wp-json\/wp\/v2\/types\/page"}],"author":[{"embeddable":true,"href":"https:\/\/topsecretsicily.com\/es\/wp-json\/wp\/v2\/users\/1"}],"replies":[{"embeddable":true,"href":"https:\/\/topsecretsicily.com\/es\/wp-json\/wp\/v2\/comments?post=48581"}],"version-history":[{"count":2,"href":"https:\/\/topsecretsicily.com\/es\/wp-json\/wp\/v2\/pages\/48581\/revisions"}],"predecessor-version":[{"id":48602,"href":"https:\/\/topsecretsicily.com\/es\/wp-json\/wp\/v2\/pages\/48581\/revisions\/48602"}],"wp:featuredmedia":[{"embeddable":true,"href":"https:\/\/topsecretsicily.com\/es\/wp-json\/wp\/v2\/media\/48595"}],"wp:attachment":[{"href":"https:\/\/topsecretsicily.com\/es\/wp-json\/wp\/v2\/media?parent=48581"}],"curies":[{"name":"wp","href":"https:\/\/api.w.org\/{rel}","templated":true}]}}