{"id":44567,"date":"2024-06-02T18:09:39","date_gmt":"2024-06-02T18:09:39","guid":{"rendered":"https:\/\/topsecretsicily.com\/polityka-prywatnosci\/"},"modified":"2024-06-02T18:09:47","modified_gmt":"2024-06-02T18:09:47","slug":"polityka-prywatnosci","status":"publish","type":"page","link":"https:\/\/topsecretsicily.com\/pl\/polityka-prywatnosci\/","title":{"rendered":"Polityka prywatno\u015bci"},"content":{"rendered":"\n<h2 class=\"wp-block-heading\">Polityka prywatno\u015bci<\/h2>\n\n<p>Celem niniejszej polityki prywatno\u015bci jest poinformowanie u\u017cytkownik\u00f3w niniejszej strony internetowej o charakterze, zakresie i celu gromadzenia i wykorzystywania danych osobowych przez operatora strony internetowej.<\/p>\n\n<p>Operator witryny bardzo powa\u017cnie traktuje ochron\u0119 danych u\u017cytkownika i traktuje jego dane osobowe w spos\u00f3b poufny i zgodny z przepisami prawa. Poniewa\u017c nowe technologie i ci\u0105g\u0142y rozw\u00f3j tej strony internetowej mog\u0105 powodowa\u0107 zmiany w niniejszym o\u015bwiadczeniu o ochronie danych, zalecamy okresowe ponowne zapoznawanie si\u0119 z o\u015bwiadczeniem o ochronie danych.<\/p>\n\n<p>Definicje u\u017cytych termin\u00f3w (np. &#8222;dane osobowe&#8221; lub &#8222;przetwarzanie&#8221;) mo\u017cna znale\u017a\u0107 w art. 6 ust. 1 lit. a) RODO. 4 DSGVO.<\/p>\n\n<p><strong>Pomiar przep\u0142ywu i pliki cookie<\/strong><\/p>\n\n<p>Ta strona internetowa wykorzystuje pseudonimizowane pliki cookie pomiaru przep\u0142ywu, kt\u00f3re s\u0105 przesy\u0142ane do przegl\u0105darki u\u017cytkownika z naszego serwera lub serwera strony trzeciej. Pliki cookie to ma\u0142e pliki przechowywane na urz\u0105dzeniu ko\u0144cowym u\u017cytkownika. Przegl\u0105darka uzyskuje dost\u0119p do tych plik\u00f3w. Korzystanie z plik\u00f3w cookie zwi\u0119ksza przyjazno\u015b\u0107 dla u\u017cytkownika i bezpiecze\u0144stwo tej witryny.<\/p>\n\n<p>Je\u015bli u\u017cytkownik nie chce, aby pliki cookie by\u0142y przechowywane na jego urz\u0105dzeniu ko\u0144cowym w celu pomiaru zasi\u0119gu, mo\u017ce sprzeciwi\u0107 si\u0119 korzystaniu z tych plik\u00f3w tutaj:<\/p>\n\n<p>Strona dezaktywacji plik\u00f3w cookie sieciowej inicjatywy reklamowej: <a href=\"http:\/\/optout.networkadvertising.org\/?c=1#!\/\" target=\"_blank\" rel=\"noreferrer noopener\">http:\/\/optout.networkadvertising.org\/?c=1#!\/<\/a><br\/>Strona dezaktywacji plik\u00f3w cookie w witrynie USA: <a href=\"http:\/\/optout.aboutads.info\/?c=2#!\/\">http:\/\/optout.aboutads.info\/?c=2#!\/<\/a><br\/>Europejska strona dezaktywacji plik\u00f3w cookie: <a href=\"http:\/\/optout.networkadvertising.org\/?c=1#!\/\" target=\"_blank\" rel=\"noreferrer noopener\">http:\/\/optout.networkadvertising.org\/?c=1#!\/<\/a><br\/>Wi\u0119kszo\u015b\u0107 popularnych przegl\u0105darek oferuje opcj\u0119 ustawienia, aby nie zezwala\u0107 na pliki cookie. Uwaga: dost\u0119p do wszystkich funkcji tej witryny bez ogranicze\u0144 nie jest gwarantowany w przypadku ustawienia odpowiednich preferencji.<\/p>\n\n<p><strong>Gromadzenie i przetwarzanie danych osobowych<\/strong><\/p>\n\n<p>Operator witryny gromadzi, wykorzystuje i ujawnia dane osobowe u\u017cytkownika tylko wtedy, gdy jest to dozwolone przez prawo lub gdy u\u017cytkownik wyrazi zgod\u0119 na gromadzenie takich danych.<\/p>\n\n<p>Dane osobowe to wszelkie informacje, kt\u00f3re mog\u0105 by\u0107 wykorzystane do osobistej identyfikacji u\u017cytkownika i mog\u0105 by\u0107 do niego przypisane &#8211; na przyk\u0142ad imi\u0119 i nazwisko, adres e-mail i numer telefonu. Strona internetowa www.topsecretsicily.com nie przechowuje tego typu danych osobowych. Jednak w celu ulepszenia naszych us\u0142ug online przechowujemy (bez danych osobowych) dane dost\u0119pu u\u017cytkownika na tej stronie internetowej. Te dane dost\u0119powe obejmuj\u0105 na przyk\u0142ad \u017c\u0105dany plik lub nazw\u0119 dostawcy Internetu. Dzi\u0119ki anonimizacji danych nie mo\u017cna wyci\u0105ga\u0107 \u017cadnych wniosk\u00f3w na temat u\u017cytkownika.<\/p>\n\n<p>Przetwarzamy dane osobowe, takie jak imi\u0119 i nazwisko, adres IP, adres e-mail i szczeg\u00f3\u0142y tre\u015bci formularza kontaktowego.<\/p>\n\n<p>Przetwarzamy dane osobowe wy\u0142\u0105cznie za wyra\u017an\u0105 zgod\u0105 zainteresowanych u\u017cytkownik\u00f3w i zgodnie z obowi\u0105zuj\u0105cymi przepisami o ochronie danych.<\/p>\n\n<p>Przetwarzanie danych osobowych opiera si\u0119 na naszym uzasadnionym interesie w optymalizacji naszych us\u0142ug online.<\/p>\n\n<p><strong>Google Analytics<\/strong><\/p>\n\n<p>Niniejsza witryna internetowa korzysta z us\u0142ugi &#8222;Google Analytics&#8221; na podstawie naszego uzasadnionego interesu w optymalizacji i analizie naszej oferty online zgodnie z art. 6 ust. 1 lit. a) RODO. 6 cpv. 1 lett. f. DSGVO us\u0142uga &#8222;Google Analytics&#8221; \u015bwiadczona przez Google Inc. (1600 Amphitheatre Parkway Mountain View, CA 94043, USA). Us\u0142uga (Google Analytics) wykorzystuje pliki &#8222;cookies&#8221; &#8211; pliki tekstowe przechowywane na urz\u0105dzeniu ko\u0144cowym u\u017cytkownika. Informacje zebrane przez plik cookie s\u0105 zazwyczaj przesy\u0142ane na serwer Google w USA i tam przechowywane.<\/p>\n\n<p>Google LLC przestrzega europejskich przepis\u00f3w o ochronie danych i jest certyfikowana zgodnie z umow\u0105 Privacy Shield: https:\/\/www.privacyshield.gov\/participant?id=a2zt000000001L5AAI&amp;status=Active.<\/p>\n\n<p>Na tej stronie stosowana jest anonimizacja IP. Adres IP u\u017cytkownika jest skracany w pa\u0144stwach cz\u0142onkowskich UE i Europejskiego Obszaru Gospodarczego oraz w innych pa\u0144stwach b\u0119d\u0105cych stronami umowy. Tylko w pojedynczych przypadkach adres IP by\u0142 pocz\u0105tkowo przesy\u0142any na serwer Google w Stanach Zjednoczonych. Skr\u00f3cenie to usuwa osobiste odniesienie do adresu IP u\u017cytkownika. Adres IP u\u017cytkownika przes\u0142any przez przegl\u0105dark\u0119 nie jest \u0142\u0105czony z innymi danymi przechowywanymi przez Google.<\/p>\n\n<p>Zgodnie z umow\u0105 o ochronie danych, kt\u00f3r\u0105 jako operator strony internetowej zawarli\u015bmy z firm\u0105 Google Inc, ta ostatnia wykorzystuje zebrane informacje do oceny korzystania ze strony internetowej i aktywno\u015bci na stronie internetowej oraz \u015bwiadczy us\u0142ugi zwi\u0105zane z korzystaniem z Internetu.<\/p>\n\n<p>Dane gromadzone przez Google w naszym imieniu s\u0105 wykorzystywane do oceny korzystania z naszej oferty online przez poszczeg\u00f3lnych u\u017cytkownik\u00f3w, np. do tworzenia raport\u00f3w dotycz\u0105cych aktywno\u015bci na stronie internetowej w celu ulepszenia naszej oferty online.<\/p>\n\n<p>U\u017cytkownik mo\u017ce uniemo\u017cliwi\u0107 przechowywanie plik\u00f3w cookie na swoim urz\u0105dzeniu, dokonuj\u0105c odpowiednich ustawie\u0144 w przegl\u0105darce. Dost\u0119p do wszystkich funkcji tej witryny bez ogranicze\u0144 nie jest gwarantowany, je\u015bli przegl\u0105darka nie zezwala na pliki cookie.<\/p>\n\n<p>Ponadto u\u017cytkownik mo\u017ce u\u017cy\u0107 wtyczki do przegl\u0105darki, aby zapobiec przesy\u0142aniu informacji zebranych przez plik cookie (w tym adresu IP u\u017cytkownika) do Google Inc. i wykorzystywaniu ich przez Google Inc. Poni\u017cszy link prowadzi do odpowiedniej wtyczki: https:\/\/tools.google.com\/dlpage\/gaoptout?hl=de.<\/p>\n\n<p>Mo\u017cesz r\u00f3wnie\u017c uniemo\u017cliwi\u0107 Google Analytics gromadzenie danych o Tobie w tej witrynie, klikaj\u0105c ten link (WA\u017bNE: wprowad\u017a link rezygnacji). Klikni\u0119cie powy\u017cszego \u0142\u0105cza spowoduje pobranie pliku cookie rezygnacji. Przegl\u0105darka u\u017cytkownika musi zatem zasadniczo zezwala\u0107 na przechowywanie plik\u00f3w cookie w tym celu. Je\u015bli regularnie usuwasz pliki cookie, b\u0119dziesz musia\u0142 ponownie klikn\u0105\u0107 \u0142\u0105cze za ka\u017cdym razem, gdy odwiedzasz t\u0119 witryn\u0119.<\/p>\n\n<p>Tutaj mo\u017cna znale\u017a\u0107 dalsze informacje na temat wykorzystywania danych przez Google Inc:<\/p>\n\n<p><a href=\"https:\/\/policies.google.com\/privacy\/partners?hl=it%20\">https:\/\/policies.google.com\/privacy\/partners?hl=it <\/a>(dane gromadzone przez partner\u00f3w Google)<br\/><a href=\"https:\/\/adssettings.google.de\/authenticated\">https:\/\/adssettings.google.de\/authenticated<\/a> (preferencje dotycz\u0105ce wy\u015bwietlanych reklam)<br\/><a href=\"https:\/\/policies.google.com\/technologies\/ads?hl=it\">https:\/\/policies.google.com\/technologies\/ads?hl=it<\/a> (wykorzystanie plik\u00f3w cookie w reklamach)<br\/><\/p>\n\n<p><strong>Prawa u\u017cytkownika<\/strong><\/p>\n\n<p>Jako u\u017cytkownik masz prawo do otrzymania, na \u017c\u0105danie i bezp\u0142atnie, informacji o tym, jakie dane osobowe zosta\u0142y zapisane na Tw\u00f3j temat. U\u017cytkownik ma r\u00f3wnie\u017c prawo do sprostowania niedok\u0142adnych danych oraz do ograniczenia lub usuni\u0119cia swoich danych osobowych. W stosownych przypadkach u\u017cytkownik mo\u017ce r\u00f3wnie\u017c skorzysta\u0107 z prawa do przenoszenia danych. Je\u015bli u\u017cytkownik uwa\u017ca, \u017ce jego dane by\u0142y przetwarzane niezgodnie z prawem, mo\u017ce z\u0142o\u017cy\u0107 skarg\u0119 do w\u0142a\u015bciwego organu nadzorczego.<\/p>\n\n<p><strong>Osadzona zawarto\u015b\u0107 z innych stron internetowych<\/strong><\/p>\n\n<p>Artyku\u0142y na tej stronie mog\u0105 zawiera\u0107 osadzone tre\u015bci (np. filmy, obrazy, artyku\u0142y, mapy itp.). Zawarto\u015b\u0107 osadzona z innych witryn zachowuje si\u0119 dok\u0142adnie tak, jakby u\u017cytkownik odwiedzi\u0142 inn\u0105 witryn\u0119.<\/p>\n\n<p>Witryny te mog\u0105 gromadzi\u0107 dane o u\u017cytkowniku, wykorzystywa\u0107 pliki cookie, w\u0142\u0105cza\u0107 dodatkowe \u015bledzenie przez osoby trzecie i monitorowa\u0107 interakcj\u0119 u\u017cytkownika z osadzonymi tre\u015bciami, w tym monitorowa\u0107 interakcj\u0119 u\u017cytkownika z osadzonymi tre\u015bciami, je\u015bli u\u017cytkownik ma konto i jest zalogowany w tej witrynie.<\/p>\n\n<p><strong>Usuwanie danych<\/strong><\/p>\n\n<p>O ile \u017c\u0105danie u\u017cytkownika nie jest sprzeczne z prawnym obowi\u0105zkiem przechowywania danych (np. przechowywanie danych), u\u017cytkownik ma prawo do usuni\u0119cia swoich danych. Przechowywane przez nas dane zostan\u0105 usuni\u0119te, je\u015bli nie b\u0119d\u0105 ju\u017c potrzebne do zamierzonego celu i nie ma prawnych okres\u00f3w przechowywania. Je\u015bli usuni\u0119cie danych nie jest mo\u017cliwe, poniewa\u017c s\u0105 one niezb\u0119dne do cel\u00f3w prawnie dozwolonych, przetwarzanie danych zostanie ograniczone. W takim przypadku dane zostan\u0105 zablokowane i nie b\u0119d\u0105 przetwarzane do innych cel\u00f3w.  <\/p>\n\n<p><strong>Prawo do sprzeciwu<\/strong><\/p>\n\n<p>U\u017cytkownicy tej witryny mog\u0105 w ka\u017cdej chwili skorzysta\u0107 z prawa do sprzeciwu wobec przetwarzania ich danych osobowych.<\/p>\n\n<p>W przypadku ch\u0119ci poprawienia, zablokowania, usuni\u0119cia lub uzyskania informacji o danych osobowych dotycz\u0105cych u\u017cytkownika lub w przypadku pyta\u0144 dotycz\u0105cych gromadzenia, przetwarzania lub wykorzystywania danych osobowych u\u017cytkownika lub w przypadku ch\u0119ci odwo\u0142ania udzielonych zg\u00f3d, nale\u017cy wys\u0142a\u0107 wiadomo\u015b\u0107 e-mail na adres info@topsecretsicily.com.<\/p>\n","protected":false},"excerpt":{"rendered":"","protected":false},"author":1,"featured_media":0,"parent":0,"menu_order":155,"comment_status":"closed","ping_status":"open","template":"","meta":{"_lmt_disableupdate":"","_lmt_disable":"","footnotes":""},"class_list":["post-44567","page","type-page","status-publish","hentry"],"aioseo_notices":[],"_links":{"self":[{"href":"https:\/\/topsecretsicily.com\/pl\/wp-json\/wp\/v2\/pages\/44567","targetHints":{"allow":["GET"]}}],"collection":[{"href":"https:\/\/topsecretsicily.com\/pl\/wp-json\/wp\/v2\/pages"}],"about":[{"href":"https:\/\/topsecretsicily.com\/pl\/wp-json\/wp\/v2\/types\/page"}],"author":[{"embeddable":true,"href":"https:\/\/topsecretsicily.com\/pl\/wp-json\/wp\/v2\/users\/1"}],"replies":[{"embeddable":true,"href":"https:\/\/topsecretsicily.com\/pl\/wp-json\/wp\/v2\/comments?post=44567"}],"version-history":[{"count":1,"href":"https:\/\/topsecretsicily.com\/pl\/wp-json\/wp\/v2\/pages\/44567\/revisions"}],"predecessor-version":[{"id":44853,"href":"https:\/\/topsecretsicily.com\/pl\/wp-json\/wp\/v2\/pages\/44567\/revisions\/44853"}],"wp:attachment":[{"href":"https:\/\/topsecretsicily.com\/pl\/wp-json\/wp\/v2\/media?parent=44567"}],"curies":[{"name":"wp","href":"https:\/\/api.w.org\/{rel}","templated":true}]}}