{"id":44863,"date":"2024-06-02T18:09:47","date_gmt":"2024-06-02T18:09:47","guid":{"rendered":"https:\/\/topsecretsicily.com\/skontaktuj-sie-ze-mna\/"},"modified":"2024-06-02T18:09:47","modified_gmt":"2024-06-02T18:09:47","slug":"skontaktuj-sie-ze-mna","status":"publish","type":"page","link":"https:\/\/topsecretsicily.com\/pl\/skontaktuj-sie-ze-mna\/","title":{"rendered":"Skontaktuj si\u0119 ze mn\u0105"},"content":{"rendered":"\n<h2 class=\"wp-block-heading\" id=\"h-invia-richiesta\">Skontaktuj si\u0119 ze mn\u0105<\/h2>\n\n<p>Dzi\u0119kujemy za odwiedzenie topsecretsicily.com! Jestem Dario Lo Turco, za\u0142o\u017cyciel strony. Je\u015bli masz rad\u0119 lub masz firm\u0119 i chcesz rozpocz\u0105\u0107 wsp\u00f3\u0142prac\u0119, napisz do mnie! \ud83d\ude0a<\/p>\n\n<p><strong>Email:<\/strong> <a href=\"mailto:info@topsecretsicily.com\" target=\"_blank\" rel=\"noreferrer noopener\">info@topsecretsicily.com<\/a><\/p>\n","protected":false},"excerpt":{"rendered":"","protected":false},"author":1,"featured_media":44869,"parent":0,"menu_order":128,"comment_status":"closed","ping_status":"closed","template":"","meta":{"_lmt_disableupdate":"","_lmt_disable":"","footnotes":""},"class_list":["post-44863","page","type-page","status-publish","has-post-thumbnail","hentry"],"aioseo_notices":[],"_links":{"self":[{"href":"https:\/\/topsecretsicily.com\/pl\/wp-json\/wp\/v2\/pages\/44863","targetHints":{"allow":["GET"]}}],"collection":[{"href":"https:\/\/topsecretsicily.com\/pl\/wp-json\/wp\/v2\/pages"}],"about":[{"href":"https:\/\/topsecretsicily.com\/pl\/wp-json\/wp\/v2\/types\/page"}],"author":[{"embeddable":true,"href":"https:\/\/topsecretsicily.com\/pl\/wp-json\/wp\/v2\/users\/1"}],"replies":[{"embeddable":true,"href":"https:\/\/topsecretsicily.com\/pl\/wp-json\/wp\/v2\/comments?post=44863"}],"version-history":[{"count":1,"href":"https:\/\/topsecretsicily.com\/pl\/wp-json\/wp\/v2\/pages\/44863\/revisions"}],"predecessor-version":[{"id":44887,"href":"https:\/\/topsecretsicily.com\/pl\/wp-json\/wp\/v2\/pages\/44863\/revisions\/44887"}],"wp:featuredmedia":[{"embeddable":true,"href":"https:\/\/topsecretsicily.com\/pl\/wp-json\/wp\/v2\/media\/44869"}],"wp:attachment":[{"href":"https:\/\/topsecretsicily.com\/pl\/wp-json\/wp\/v2\/media?parent=44863"}],"curies":[{"name":"wp","href":"https:\/\/api.w.org\/{rel}","templated":true}]}}