{"id":47108,"date":"2024-06-02T18:16:03","date_gmt":"2024-06-02T18:16:03","guid":{"rendered":"https:\/\/topsecretsicily.com\/kim-oni-sa\/"},"modified":"2024-06-02T18:16:04","modified_gmt":"2024-06-02T18:16:04","slug":"kim-oni-sa","status":"publish","type":"page","link":"https:\/\/topsecretsicily.com\/pl\/kim-oni-sa\/","title":{"rendered":"Kim oni s\u0105"},"content":{"rendered":"\n<p>Witam na Top Secret Sicily, nazywam si\u0119 Dario Lo Turco i kilka lat temu postanowi\u0142em stworzy\u0107 t\u0119 stron\u0119. Moim celem jest przybli\u017cenie skarb\u00f3w Sycylii, nawet tych mniej znanych (st\u0105d nazwa Top Secret Sicily), w jak najbardziej przejrzysty i prosty spos\u00f3b \ud83d\ude0a.<\/p>\n\n<p>Mia\u0142em to szcz\u0119\u015bcie, \u017ce mog\u0142em podr\u00f3\u017cowa\u0107 po tej wyspie i przeczyta\u0142em kilka ksi\u0105\u017cek i przewodnik\u00f3w o Sycylii. Jednocze\u015bnie pracuj\u0119 w \u015bwiecie online i te pasje pozwoli\u0142y mi stworzy\u0107 Top Secret Sicily.<\/p>\n\n<p>Mam nadziej\u0119, \u017ce moje rady oka\u017c\u0105 si\u0119 przydatne i \u017ce sp\u0119dzisz wspania\u0142e wakacje \ud83c\udf1e\ud83c\udf34!<\/p>\n\n<p>Je\u015bli chcesz si\u0119 ze mn\u0105 skontaktowa\u0107, mo\u017cesz to zrobi\u0107, wysy\u0142aj\u0105c wiadomo\u015b\u0107 e-mail na adres: <a href=\"mailto:info@topsecretsicily.com\" target=\"_blank\" rel=\"noopener\" title=\"\">info@topsecretsicily.com<\/a><\/p>\n\n<figure class=\"wp-block-image size-large\"><img loading=\"lazy\" decoding=\"async\" width=\"1024\" height=\"768\" src=\"https:\/\/topsecretsicily.com\/wp-content\/uploads\/2024\/04\/AL_6NlCDSeiDK717T_b3og-2-1024x768.jpg\" alt=\"Dario Lo Turco autor Topsecretsicily.com\" class=\"wp-image-37753\" srcset=\"https:\/\/topsecretsicily.com\/wp-content\/uploads\/2024\/04\/AL_6NlCDSeiDK717T_b3og-2-1024x768.jpg 1024w, https:\/\/topsecretsicily.com\/wp-content\/uploads\/2024\/04\/AL_6NlCDSeiDK717T_b3og-2-300x225.jpg 300w, https:\/\/topsecretsicily.com\/wp-content\/uploads\/2024\/04\/AL_6NlCDSeiDK717T_b3og-2-768x576.jpg 768w, https:\/\/topsecretsicily.com\/wp-content\/uploads\/2024\/04\/AL_6NlCDSeiDK717T_b3og-2.jpg 1225w\" sizes=\"auto, (max-width: 1024px) 100vw, 1024px\" \/><figcaption class=\"wp-element-caption\"><strong>Degustacja cannoli w Cefalu<\/strong><\/figcaption><\/figure>\n\n<figure class=\"wp-block-image size-large is-resized\"><img loading=\"lazy\" decoding=\"async\" width=\"768\" height=\"1024\" src=\"https:\/\/topsecretsicily.com\/wp-content\/uploads\/2024\/04\/2022-10-02_15-04-44_787-conv-1152x1536-1-768x1024.jpeg\" alt=\"Pies Jay Jay w Selinunte\" class=\"wp-image-37759\" style=\"width:880px;height:auto\" srcset=\"https:\/\/topsecretsicily.com\/wp-content\/uploads\/2024\/04\/2022-10-02_15-04-44_787-conv-1152x1536-1-768x1024.jpeg 768w, https:\/\/topsecretsicily.com\/wp-content\/uploads\/2024\/04\/2022-10-02_15-04-44_787-conv-1152x1536-1-225x300.jpeg 225w, https:\/\/topsecretsicily.com\/wp-content\/uploads\/2024\/04\/2022-10-02_15-04-44_787-conv-1152x1536-1.jpeg 1152w\" sizes=\"auto, (max-width: 768px) 100vw, 768px\" \/><figcaption class=\"wp-element-caption\"><strong>M\u00f3j wierny towarzysz podr\u00f3\u017cy Jay Jay<\/strong><\/figcaption><\/figure>\n\n<figure class=\"wp-block-image size-full is-resized\"><img loading=\"lazy\" decoding=\"async\" width=\"690\" height=\"918\" src=\"https:\/\/topsecretsicily.com\/wp-content\/uploads\/2024\/04\/A5PL0AWfQ4-zhzpOXY5mmg.jpg\" alt=\"Dario Lo Turco - autor Top Secret Sicily\" class=\"wp-image-36485\" style=\"width:880px;height:auto\" srcset=\"https:\/\/topsecretsicily.com\/wp-content\/uploads\/2024\/04\/A5PL0AWfQ4-zhzpOXY5mmg.jpg 690w, https:\/\/topsecretsicily.com\/wp-content\/uploads\/2024\/04\/A5PL0AWfQ4-zhzpOXY5mmg-225x300.jpg 225w\" sizes=\"auto, (max-width: 690px) 100vw, 690px\" \/><figcaption class=\"wp-element-caption\"><strong>Ciesz\u0105c si\u0119 s\u0142o\u0144cem i morzem<\/strong><\/figcaption><\/figure>\n","protected":false},"excerpt":{"rendered":"","protected":false},"author":1,"featured_media":47112,"parent":0,"menu_order":16,"comment_status":"closed","ping_status":"closed","template":"","meta":{"_lmt_disableupdate":"","_lmt_disable":"","footnotes":""},"class_list":["post-47108","page","type-page","status-publish","has-post-thumbnail","hentry"],"aioseo_notices":[],"_links":{"self":[{"href":"https:\/\/topsecretsicily.com\/pl\/wp-json\/wp\/v2\/pages\/47108","targetHints":{"allow":["GET"]}}],"collection":[{"href":"https:\/\/topsecretsicily.com\/pl\/wp-json\/wp\/v2\/pages"}],"about":[{"href":"https:\/\/topsecretsicily.com\/pl\/wp-json\/wp\/v2\/types\/page"}],"author":[{"embeddable":true,"href":"https:\/\/topsecretsicily.com\/pl\/wp-json\/wp\/v2\/users\/1"}],"replies":[{"embeddable":true,"href":"https:\/\/topsecretsicily.com\/pl\/wp-json\/wp\/v2\/comments?post=47108"}],"version-history":[{"count":1,"href":"https:\/\/topsecretsicily.com\/pl\/wp-json\/wp\/v2\/pages\/47108\/revisions"}],"predecessor-version":[{"id":47116,"href":"https:\/\/topsecretsicily.com\/pl\/wp-json\/wp\/v2\/pages\/47108\/revisions\/47116"}],"wp:featuredmedia":[{"embeddable":true,"href":"https:\/\/topsecretsicily.com\/pl\/wp-json\/wp\/v2\/media\/47112"}],"wp:attachment":[{"href":"https:\/\/topsecretsicily.com\/pl\/wp-json\/wp\/v2\/media?parent=47108"}],"curies":[{"name":"wp","href":"https:\/\/api.w.org\/{rel}","templated":true}]}}