{"id":48583,"date":"2025-02-04T09:38:01","date_gmt":"2025-02-04T09:38:01","guid":{"rendered":"https:\/\/topsecretsicily.com\/cyfrowi-nomadzi-7-aktywnosci-ktore-mozna-wykonywac-zdalnie\/"},"modified":"2025-02-07T14:58:17","modified_gmt":"2025-02-07T14:58:17","slug":"cyfrowi-nomadzi-7-aktywnosci-ktore-mozna-wykonywac-zdalnie","status":"publish","type":"page","link":"https:\/\/topsecretsicily.com\/pl\/cyfrowi-nomadzi-7-aktywnosci-ktore-mozna-wykonywac-zdalnie\/","title":{"rendered":"Cyfrowi nomadzi: 7 aktywno\u015bci, kt\u00f3re mo\u017cna wykonywa\u0107 zdalnie"},"content":{"rendered":"\n<p>Cyfrowa rewolucja g\u0142\u0119boko zmieni\u0142a koncepcj\u0119 pracy. Dzi\u015b ci, kt\u00f3rzy chc\u0105 podr\u00f3\u017cowa\u0107 bez rezygnowania z kariery, mog\u0105 to zrobi\u0107 dzi\u0119ki licznym mo\u017cliwo\u015bciom, jakie oferuje praca zdalna. Oto 7 idealnych zaj\u0119\u0107 dla tych, kt\u00f3rzy zdecyduj\u0105 si\u0119 zosta\u0107 cyfrowymi nomadami.  <\/p>\n\n<div id=\"ez-toc-container\" class=\"ez-toc-v2_0_83 counter-hierarchy ez-toc-counter ez-toc-grey ez-toc-container-direction\">\n<div class=\"ez-toc-title-container\">\n<p class=\"ez-toc-title\" style=\"cursor:inherit\">Spis tre\u015bci<\/p>\n<span class=\"ez-toc-title-toggle\"><a href=\"#\" class=\"ez-toc-pull-right ez-toc-btn ez-toc-btn-xs ez-toc-btn-default ez-toc-toggle\" aria-label=\"Prze\u0142\u0105cznik Spisu Tre\u015bci\"><span class=\"ez-toc-js-icon-con\"><span class=\"\"><span class=\"eztoc-hide\" style=\"display:none;\">Toggle<\/span><span class=\"ez-toc-icon-toggle-span\"><svg style=\"fill: #999;color:#999\" xmlns=\"http:\/\/www.w3.org\/2000\/svg\" class=\"list-377408\" width=\"20px\" height=\"20px\" viewBox=\"0 0 24 24\" fill=\"none\"><path d=\"M6 6H4v2h2V6zm14 0H8v2h12V6zM4 11h2v2H4v-2zm16 0H8v2h12v-2zM4 16h2v2H4v-2zm16 0H8v2h12v-2z\" fill=\"currentColor\"><\/path><\/svg><svg style=\"fill: #999;color:#999\" class=\"arrow-unsorted-368013\" xmlns=\"http:\/\/www.w3.org\/2000\/svg\" width=\"10px\" height=\"10px\" viewBox=\"0 0 24 24\" version=\"1.2\" baseProfile=\"tiny\"><path d=\"M18.2 9.3l-6.2-6.3-6.2 6.3c-.2.2-.3.4-.3.7s.1.5.3.7c.2.2.4.3.7.3h11c.3 0 .5-.1.7-.3.2-.2.3-.5.3-.7s-.1-.5-.3-.7zM5.8 14.7l6.2 6.3 6.2-6.3c.2-.2.3-.5.3-.7s-.1-.5-.3-.7c-.2-.2-.4-.3-.7-.3h-11c-.3 0-.5.1-.7.3-.2.2-.3.5-.3.7s.1.5.3.7z\"\/><\/svg><\/span><\/span><\/span><\/a><\/span><\/div>\n<nav><ul class='ez-toc-list ez-toc-list-level-1 ' ><li class='ez-toc-page-1 ez-toc-heading-level-2'><a class=\"ez-toc-link ez-toc-heading-1\" href=\"https:\/\/topsecretsicily.com\/pl\/cyfrowi-nomadzi-7-aktywnosci-ktore-mozna-wykonywac-zdalnie\/#1_Konsultant_ds_marketingu_cyfrowego\" >1. Konsultant ds. marketingu cyfrowego<\/a><\/li><li class='ez-toc-page-1 ez-toc-heading-level-2'><a class=\"ez-toc-link ez-toc-heading-2\" href=\"https:\/\/topsecretsicily.com\/pl\/cyfrowi-nomadzi-7-aktywnosci-ktore-mozna-wykonywac-zdalnie\/#2_Programista_stron_internetowych_lub_aplikacji\" >2. Programista stron internetowych lub aplikacji<\/a><\/li><li class='ez-toc-page-1 ez-toc-heading-level-2'><a class=\"ez-toc-link ez-toc-heading-3\" href=\"https:\/\/topsecretsicily.com\/pl\/cyfrowi-nomadzi-7-aktywnosci-ktore-mozna-wykonywac-zdalnie\/#3_Niezalezny_tlumacz_lub_redaktor\" >3. Niezale\u017cny t\u0142umacz lub redaktor<\/a><\/li><li class='ez-toc-page-1 ez-toc-heading-level-2'><a class=\"ez-toc-link ez-toc-heading-4\" href=\"https:\/\/topsecretsicily.com\/pl\/cyfrowi-nomadzi-7-aktywnosci-ktore-mozna-wykonywac-zdalnie\/#4_Projektant_graficzny\" >4. Projektant graficzny<\/a><\/li><li class='ez-toc-page-1 ez-toc-heading-level-2'><a class=\"ez-toc-link ez-toc-heading-5\" href=\"https:\/\/topsecretsicily.com\/pl\/cyfrowi-nomadzi-7-aktywnosci-ktore-mozna-wykonywac-zdalnie\/#5_Ekspert_ds_handlu_elektronicznego\" >5. Ekspert ds. handlu elektronicznego<\/a><\/li><li class='ez-toc-page-1 ez-toc-heading-level-2'><a class=\"ez-toc-link ez-toc-heading-6\" href=\"https:\/\/topsecretsicily.com\/pl\/cyfrowi-nomadzi-7-aktywnosci-ktore-mozna-wykonywac-zdalnie\/#6_Nauczyciel_lub_opiekun_online\" >6. Nauczyciel lub opiekun online<\/a><\/li><li class='ez-toc-page-1 ez-toc-heading-level-2'><a class=\"ez-toc-link ez-toc-heading-7\" href=\"https:\/\/topsecretsicily.com\/pl\/cyfrowi-nomadzi-7-aktywnosci-ktore-mozna-wykonywac-zdalnie\/#7_Wirtualny_asystent\" >7. Wirtualny asystent<\/a><\/li><li class='ez-toc-page-1 ez-toc-heading-level-2'><a class=\"ez-toc-link ez-toc-heading-8\" href=\"https:\/\/topsecretsicily.com\/pl\/cyfrowi-nomadzi-7-aktywnosci-ktore-mozna-wykonywac-zdalnie\/#Zarzadzanie_podatkiem_VAT_dla_cyfrowych_nomadow\" >Zarz\u0105dzanie podatkiem VAT dla cyfrowych nomad\u00f3w<\/a><\/li><li class='ez-toc-page-1 ez-toc-heading-level-2'><a class=\"ez-toc-link ez-toc-heading-9\" href=\"https:\/\/topsecretsicily.com\/pl\/cyfrowi-nomadzi-7-aktywnosci-ktore-mozna-wykonywac-zdalnie\/#Dlaczego_praca_zdalna_wciaz_rosnie\" >Dlaczego praca zdalna wci\u0105\u017c ro\u015bnie<\/a><ul class='ez-toc-list-level-3' ><li class='ez-toc-heading-level-3'><a class=\"ez-toc-link ez-toc-heading-10\" href=\"https:\/\/topsecretsicily.com\/pl\/cyfrowi-nomadzi-7-aktywnosci-ktore-mozna-wykonywac-zdalnie\/#Niezbedne_narzedzia_do_pracy_zdalnej\" >Niezb\u0119dne narz\u0119dzia do pracy zdalnej<\/a><\/li><\/ul><\/li><\/ul><\/nav><\/div>\n<h2 class=\"wp-block-heading\"><span class=\"ez-toc-section\" id=\"1_Konsultant_ds_marketingu_cyfrowego\"><\/span><a><\/a><strong>1. Konsultant ds. marketingu cyfrowego<\/strong><span class=\"ez-toc-section-end\"><\/span><\/h2>\n\n<p>Marketing cyfrowy jest jednym z najbardziej elastycznych sektor\u00f3w. Konsultanci mog\u0105 zarz\u0105dza\u0107 kampaniami reklamowymi, strategiami medi\u00f3w spo\u0142eczno\u015bciowych i SEO bezpo\u015brednio z komputera. <\/p>\n\n<p>Dzi\u0119ki narz\u0119dziom do analizy online, wydajno\u015b\u0107 kampanii mo\u017ce by\u0107 monitorowana gdziekolwiek jeste\u015b, gwarantuj\u0105c namacalne wyniki dla klient\u00f3w.<\/p>\n\n<h2 class=\"wp-block-heading\"><span class=\"ez-toc-section\" id=\"2_Programista_stron_internetowych_lub_aplikacji\"><\/span><a><\/a><strong>2. Programista stron internetowych lub aplikacji<\/strong><span class=\"ez-toc-section-end\"><\/span><\/h2>\n\n<p>Tw\u00f3rcy stron internetowych i aplikacji maj\u0105 t\u0119 przewag\u0119, \u017ce mog\u0105 pracowa\u0107 wsz\u0119dzie tam, gdzie jest stabilne po\u0142\u0105czenie z Internetem.<\/p>\n\n<p>Platformy do wsp\u00f3\u0142pracy, takie jak GitHub i Slack, umo\u017cliwiaj\u0105 komunikacj\u0119 z zespo\u0142em i udost\u0119pnianie kodu w czasie rzeczywistym, dzi\u0119ki czemu s\u0105 idealne dla os\u00f3b w ruchu.<\/p>\n\n<h2 class=\"wp-block-heading\"><span class=\"ez-toc-section\" id=\"3_Niezalezny_tlumacz_lub_redaktor\"><\/span><a><\/a><strong>3. Niezale\u017cny t\u0142umacz lub redaktor<\/strong><span class=\"ez-toc-section-end\"><\/span><\/h2>\n\n<p>Osoby z pasj\u0105 do j\u0119zyk\u00f3w lub pisania mog\u0105 pracowa\u0107 jako niezale\u017cny t\u0142umacz lub redaktor. Ten rodzaj dzia\u0142alno\u015bci nie wymaga fizycznej obecno\u015bci i oferuje du\u017c\u0105 elastyczno\u015b\u0107. <\/p>\n\n<p>Portale internetowe, takie jak Upwork i Fiverr, umo\u017cliwiaj\u0105 znalezienie klient\u00f3w z ca\u0142ego \u015bwiata, poszerzaj\u0105c mo\u017cliwo\u015bci zawodowe.<\/p>\n\n<h2 class=\"wp-block-heading\"><span class=\"ez-toc-section\" id=\"4_Projektant_graficzny\"><\/span><a><\/a><strong>4. Projektant graficzny<\/strong><span class=\"ez-toc-section-end\"><\/span><\/h2>\n\n<p>Graficy freelancerzy mog\u0105 zdalnie realizowa\u0107 projekty brandingowe, logotypy i materia\u0142y promocyjne.<\/p>\n\n<p>Oprogramowanie do projektowania, takie jak Adobe Creative Cloud, mo\u017ce by\u0107 dost\u0119pne z dowolnego miejsca, a recenzje z klientami mog\u0105 odbywa\u0107 si\u0119 za po\u015brednictwem telefonu lub poczty elektronicznej.<\/p>\n\n<h2 class=\"wp-block-heading\"><span class=\"ez-toc-section\" id=\"5_Ekspert_ds_handlu_elektronicznego\"><\/span><a><\/a><strong>5. Ekspert ds. handlu elektronicznego<\/strong><span class=\"ez-toc-section-end\"><\/span><\/h2>\n\n<p>Wraz z gwa\u0142townym wzrostem handlu internetowego, wielu profesjonalist\u00f3w zarz\u0105dza cyfrowymi sklepami lub oferuje doradztwo w zakresie platform e-commerce.<\/p>\n\n<p>Zajmuj\u0105 si\u0119 zarz\u0105dzaniem zam\u00f3wieniami, obs\u0142ug\u0105 klienta i strategiami sprzeda\u017cy, a wszystko to w zaciszu zdalnej lokalizacji.<\/p>\n\n<h2 class=\"wp-block-heading\"><span class=\"ez-toc-section\" id=\"6_Nauczyciel_lub_opiekun_online\"><\/span><a><\/a><strong>6. Nauczyciel lub opiekun online<\/strong><span class=\"ez-toc-section-end\"><\/span><\/h2>\n\n<p>Cyfrowe platformy edukacyjne umo\u017cliwi\u0142y nauczanie online. Nauczyciel mo\u017ce oferowa\u0107 prywatne lub grupowe lekcje na r\u00f3\u017cne tematy, od j\u0119zyk\u00f3w obcych po programowanie. <\/p>\n\n<p>Dzi\u0119ki narz\u0119dziom takim jak Zoom i Google Meet lekcje odbywaj\u0105 si\u0119 w dowolnym miejscu, bez ogranicze\u0144 geograficznych.<\/p>\n\n<h2 class=\"wp-block-heading\"><span class=\"ez-toc-section\" id=\"7_Wirtualny_asystent\"><\/span><a><\/a><strong>7. Wirtualny asystent<\/strong><span class=\"ez-toc-section-end\"><\/span><\/h2>\n\n<p>Wirtualni asystenci zapewniaj\u0105 wsparcie administracyjne, zarz\u0105dzaj\u0105 dziennikami, e-mailami i zadaniami back-office dla firm lub przedsi\u0119biorc\u00f3w.<\/p>\n\n<p>Ta rola wymaga organizacji, ale oferuje swobod\u0119 dzia\u0142ania z dowolnego miejsca, nawet podczas podr\u00f3\u017cy.<\/p>\n\n<h2 class=\"wp-block-heading\"><span class=\"ez-toc-section\" id=\"Zarzadzanie_podatkiem_VAT_dla_cyfrowych_nomadow\"><\/span><a><\/a><strong>Zarz\u0105dzanie podatkiem VAT dla cyfrowych nomad\u00f3w<\/strong><span class=\"ez-toc-section-end\"><\/span><\/h2>\n\n<p>Wiele czynno\u015bci wykonywanych zdalnie wymaga otwarcia numeru VAT. Jest to niezb\u0119dne do legalnego dzia\u0142ania jako freelancer lub konsultant. <\/p>\n\n<p>Wyb\u00f3r najbardziej odpowiedniego systemu podatkowego, takiego jak system rycza\u0142towy, mo\u017ce <a href=\"https:\/\/www.fiscozen.it\/guide\/perche-avere-un-commercialista\/\" target=\"_blank\" rel=\"noopener\" title=\"\">upro\u015bci\u0107 zarz\u0105dzanie gospodarcze<\/a> poprzez zmniejszenie koszt\u00f3w i obowi\u0105zk\u00f3w administracyjnych.<\/p>\n\n<p>Dzi\u0119ki us\u0142ugom takim jak Fiscozen mo\u017cna \u0142atwo i bez stresu zarz\u0105dza\u0107 swoim numerem VAT. Fiscozen oferuje wsparcie w fakturowaniu, obliczaniu podatk\u00f3w i monitorowaniu termin\u00f3w, pozwalaj\u0105c cyfrowym nomadom skoncentrowa\u0107 si\u0119 na pracy. <\/p>\n\n<h2 class=\"wp-block-heading\"><span class=\"ez-toc-section\" id=\"Dlaczego_praca_zdalna_wciaz_rosnie\"><\/span><a><\/a><strong>Dlaczego praca zdalna wci\u0105\u017c ro\u015bnie<\/strong><span class=\"ez-toc-section-end\"><\/span><\/h2>\n\n<p>Praca zdalna staje si\u0119 coraz bardziej popularna ze wzgl\u0119du na korzy\u015bci, jakie oferuje, takie jak elastyczno\u015b\u0107, ni\u017csze koszty podr\u00f3\u017cy i lepsze zarz\u0105dzanie czasem.<\/p>\n\n<p>Wiele firm przyjmuje hybrydowe lub w pe\u0142ni zdalne modele pracy, u\u0142atwiaj\u0105c profesjonalistom wyb\u00f3r stylu \u017cycia cyfrowych nomad\u00f3w.<\/p>\n\n<h3 class=\"wp-block-heading\"><span class=\"ez-toc-section\" id=\"Niezbedne_narzedzia_do_pracy_zdalnej\"><\/span><a><\/a>Niezb\u0119dne narz\u0119dzia do pracy zdalnej<span class=\"ez-toc-section-end\"><\/span><\/h3>\n\n<p>Dla tych, kt\u00f3rzy pracuj\u0105 zdalnie, pewne narz\u0119dzia s\u0105 niezb\u0119dne:<\/p>\n\n<ul class=\"wp-block-list\">\n<li><strong>Stabilne po\u0142\u0105czenie z Internetem:<\/strong> jest to niezb\u0119dne dla ka\u017cdej aktywno\u015bci online.<\/li>\n\n\n\n<li><strong>Oprogramowanie do zarz\u0105dzania projektami:<\/strong> platformy takie jak Trello lub Asana pomagaj\u0105 utrzyma\u0107 organizacj\u0119.<\/li>\n\n\n\n<li><strong>Us\u0142ugi przechowywania w chmurze:<\/strong> Dysk Google i Dropbox umo\u017cliwiaj\u0105 dost\u0119p do plik\u00f3w w dowolnym miejscu.<\/li>\n<\/ul>\n\n<p>Narz\u0119dzia te zapewniaj\u0105 ci\u0105g\u0142o\u015b\u0107 biznesow\u0105 nawet podczas podr\u00f3\u017cy.<\/p>\n\n<p>Zostanie cyfrowym nomad\u0105 to wyb\u00f3r stylu \u017cycia, kt\u00f3ry \u0142\u0105czy w sobie wolno\u015b\u0107 i mo\u017cliwo\u015bci zawodowe. Dzi\u0119ki w\u0142a\u015bciwemu planowaniu i wykorzystaniu odpowiednich narz\u0119dzi mo\u017cliwa jest produktywna praca zdalna. <\/p>\n\n<p>Ci, kt\u00f3rzy zdecyduj\u0105 si\u0119 wybra\u0107 t\u0119 drog\u0119, powinni dok\u0142adnie rozwa\u017cy\u0107 zarz\u0105dzanie podatkami, wybieraj\u0105c us\u0142ugi upraszczaj\u0105ce proces, takie jak Fiscozen, aby numer VAT by\u0142 zawsze pod kontrol\u0105.<\/p>\n\n<p>W coraz bardziej po\u0142\u0105czonym \u015bwiecie mo\u017cliwo\u015bci s\u0105 nieograniczone: wystarczy wybra\u0107 odpowiedni\u0105 aktywno\u015b\u0107 i by\u0107 przygotowanym na odkrywanie \u015bwiata podczas pracy.<\/p>\n","protected":false},"excerpt":{"rendered":"","protected":false},"author":1,"featured_media":48594,"parent":0,"menu_order":1,"comment_status":"closed","ping_status":"closed","template":"","meta":{"_lmt_disableupdate":"","_lmt_disable":"","footnotes":""},"class_list":["post-48583","page","type-page","status-publish","has-post-thumbnail","hentry"],"aioseo_notices":[],"_links":{"self":[{"href":"https:\/\/topsecretsicily.com\/pl\/wp-json\/wp\/v2\/pages\/48583","targetHints":{"allow":["GET"]}}],"collection":[{"href":"https:\/\/topsecretsicily.com\/pl\/wp-json\/wp\/v2\/pages"}],"about":[{"href":"https:\/\/topsecretsicily.com\/pl\/wp-json\/wp\/v2\/types\/page"}],"author":[{"embeddable":true,"href":"https:\/\/topsecretsicily.com\/pl\/wp-json\/wp\/v2\/users\/1"}],"replies":[{"embeddable":true,"href":"https:\/\/topsecretsicily.com\/pl\/wp-json\/wp\/v2\/comments?post=48583"}],"version-history":[{"count":4,"href":"https:\/\/topsecretsicily.com\/pl\/wp-json\/wp\/v2\/pages\/48583\/revisions"}],"predecessor-version":[{"id":48603,"href":"https:\/\/topsecretsicily.com\/pl\/wp-json\/wp\/v2\/pages\/48583\/revisions\/48603"}],"wp:featuredmedia":[{"embeddable":true,"href":"https:\/\/topsecretsicily.com\/pl\/wp-json\/wp\/v2\/media\/48594"}],"wp:attachment":[{"href":"https:\/\/topsecretsicily.com\/pl\/wp-json\/wp\/v2\/media?parent=48583"}],"curies":[{"name":"wp","href":"https:\/\/api.w.org\/{rel}","templated":true}]}}